{"id":489,"date":"2022-11-16T00:10:31","date_gmt":"2022-11-15T23:10:31","guid":{"rendered":"http:\/\/madridenrose.com\/?page_id=489"},"modified":"2022-11-16T11:10:46","modified_gmt":"2022-11-16T10:10:46","slug":"madrid-storica","status":"publish","type":"page","link":"https:\/\/madridenrose.com\/it\/visita-madrid\/madrid-storica\/","title":{"rendered":"Madrid Storica"},"content":{"rendered":"<div id='av_section_1'  class='avia-section av-1tg0y-18a3005ebc04013a080e97bda4dea968 main_color avia-section-no-padding avia-no-border-styling  avia-builder-el-0  el_before_av_section  avia-builder-el-first  avia-bg-style-scroll container_wrap fullsize'  ><div class='container av-section-cont-open' ><main  role=\"main\" itemprop=\"mainContentOfPage\"  class='template-page content  av-content-full alpha units'><div class='post-entry post-entry-type-page post-entry-489'><div class='entry-content-wrapper clearfix'>\n<div class='flex_column av-4tc98i-4bce73d6ac29ff50da4418861706620c av_one_full  avia-builder-el-1  el_before_av_one_full  avia-builder-el-first  first flex_column_div av-animated-generic fade-in '     ><p>\n<style type=\"text\/css\" data-created_by=\"avia_inline_auto\" id=\"style-css-av-laitu9ne-eb268ddc252bd1377c5102d20cbac1ca\">\n.avia-image-container.av-laitu9ne-eb268ddc252bd1377c5102d20cbac1ca img.avia_image{\nbox-shadow:none;\n}\n.avia-image-container.av-laitu9ne-eb268ddc252bd1377c5102d20cbac1ca .av-image-caption-overlay-center{\ncolor:#ffffff;\n}\n<\/style>\n<div  class='avia-image-container av-laitu9ne-eb268ddc252bd1377c5102d20cbac1ca av-styling-no-styling avia-align-center  avia-builder-el-2  el_before_av_image  avia-builder-el-first  av-mini-hide'   itemprop=\"image\" itemscope=\"itemscope\" itemtype=\"https:\/\/schema.org\/ImageObject\" ><div class=\"avia-image-container-inner\"><div class=\"avia-image-overlay-wrap\"><img decoding=\"async\" class='wp-image-412 avia-img-lazy-loading-not-412 avia_image ' src=\"https:\/\/madridenrose.com\/wp-content\/uploads\/visita-madrid-historico.jpg\" alt='' title='visita-madrid-historico'  height=\"580\" width=\"1280\"  itemprop=\"thumbnailUrl\" srcset=\"https:\/\/madridenrose.com\/wp-content\/uploads\/visita-madrid-historico.jpg 1280w, https:\/\/madridenrose.com\/wp-content\/uploads\/visita-madrid-historico-300x136.jpg 300w, https:\/\/madridenrose.com\/wp-content\/uploads\/visita-madrid-historico-1030x467.jpg 1030w, https:\/\/madridenrose.com\/wp-content\/uploads\/visita-madrid-historico-768x348.jpg 768w, https:\/\/madridenrose.com\/wp-content\/uploads\/visita-madrid-historico-705x319.jpg 705w\" sizes=\"(max-width: 1280px) 100vw, 1280px\" \/><\/div><\/div><\/div><br \/>\n\n<style type=\"text\/css\" data-created_by=\"avia_inline_auto\" id=\"style-css-av-laituds0-53fcd00f4ca64ab0f680766aead7edd3\">\n.avia-image-container.av-laituds0-53fcd00f4ca64ab0f680766aead7edd3 img.avia_image{\nbox-shadow:none;\n}\n.avia-image-container.av-laituds0-53fcd00f4ca64ab0f680766aead7edd3 .av-image-caption-overlay-center{\ncolor:#ffffff;\n}\n<\/style>\n<div  class='avia-image-container av-laituds0-53fcd00f4ca64ab0f680766aead7edd3 av-styling-no-styling avia-align-center  avia-builder-el-3  el_after_av_image  avia-builder-el-last  av-desktop-hide av-medium-hide av-small-hide'   itemprop=\"image\" itemscope=\"itemscope\" itemtype=\"https:\/\/schema.org\/ImageObject\" ><div class=\"avia-image-container-inner\"><div class=\"avia-image-overlay-wrap\"><img decoding=\"async\" class='wp-image-414 avia-img-lazy-loading-not-414 avia_image ' src=\"https:\/\/madridenrose.com\/wp-content\/uploads\/visita-madrid-historico-tour.jpg\" alt='' title='visita-madrid-historico-tour'  height=\"420\" width=\"600\"  itemprop=\"thumbnailUrl\" srcset=\"https:\/\/madridenrose.com\/wp-content\/uploads\/visita-madrid-historico-tour.jpg 600w, https:\/\/madridenrose.com\/wp-content\/uploads\/visita-madrid-historico-tour-300x210.jpg 300w\" sizes=\"(max-width: 600px) 100vw, 600px\" \/><\/div><\/div><\/div><\/p><\/div>\n<style type=\"text\/css\" data-created_by=\"avia_inline_auto\" id=\"style-css-av-4qm5lm-9f19091e3815ff2daa225b7f7240070e\">\n#top .flex_column.av-4qm5lm-9f19091e3815ff2daa225b7f7240070e{\nmargin-top:0px;\nmargin-bottom:0px;\n}\n.responsive #top #wrap_all .flex_column.av-4qm5lm-9f19091e3815ff2daa225b7f7240070e{\nmargin-top:0px;\nmargin-bottom:0px;\n}\n<\/style>\n<div class='flex_column av-4qm5lm-9f19091e3815ff2daa225b7f7240070e av_one_full  avia-builder-el-4  el_after_av_one_full  avia-builder-el-last  first flex_column_div av-animated-generic fade-in column-top-margin'     ><\/div><\/div><\/div><\/main><!-- close content main element --><\/div><\/div><div id='av_section_2'  class='avia-section av-4g6zfe-a610c86fda9c0a4d8a6c993732f761cb main_color avia-section-default avia-no-border-styling  avia-builder-el-6  el_after_av_section  avia-builder-el-last  tour-description avia-bg-style-scroll container_wrap fullsize'  ><div class='container av-section-cont-open' ><div class='template-page content  av-content-full alpha units'><div class='post-entry post-entry-type-page post-entry-489'><div class='entry-content-wrapper clearfix'>\n<div class='flex_column av-49t4qi-87a8b859d286645c51e63af4ba2a6fc4 av_two_third  avia-builder-el-7  el_before_av_one_third  avia-builder-el-first  first flex_column_div av-animated-generic fade-in-up '     ><br \/>\n<section  class='av_textblock_section av-laitqxkh-0612d01de2b0c07d07fc0e4445b4df49'  itemscope=\"itemscope\" itemtype=\"https:\/\/schema.org\/CreativeWork\" ><div class='avia_textblock'  itemprop=\"text\" ><p>La citt\u00e0 di Madrid ha una storia millenaria. Dalle sue origini arabe, passando per l&#8217;epoca medievale arriver\u00e0 ad essere capitale di Spagna nel 1561, sotto il regno di Filippo II. Vivr\u00e0 la potenza e lo splendore della famiglia degli Asburgo e quella dei Borbone, protagonisti indiscussi di secoli di ricchezza e decadenza, di guerre e rivoluzioni, di rivalse e di grandi eroi che lasceranno il loro ricordo indelebile nella citt\u00e0.<\/p>\n<p>Madrid fu fondata dall&#8217;emiro Mohammad I sotto il regno di <em>Al-\u00c1ndalus<\/em>. Diverr\u00e0 una citt\u00e0 fortezza, con il suo <em>Alcazar<\/em> (palazzo fortificato), innalzata sul fiume <em>Manzanares<\/em>, ricevendo per questo il nome di <em>Mayrit<\/em> (successivamente <em>Magerit<\/em>, nella pronuncia spagnola e poi Madrid), che significa \u201cluogo d&#8217;acqua\u201d.<\/p>\n<p>Sar\u00e0 conquistata nell&#8217;anno 1085 dal re cristiano Alfonso VI, che ne amplier\u00e0 il perimetro e ne trasformer\u00e0 l&#8217;aspetto. Poco a poco la citt\u00e0 assumer\u00e0 l&#8217;aspetto che oggi riconosciamo nella <em>Plaza de la Villa<\/em>, nella <em>Plaza Mayor<\/em> (nel XVII secolo) e nella centralissima <em>Plaza de la Puerta del Sol<\/em>, ricostruita definitivamente alla fine del XIX secolo.<\/p>\n<p>Nel corso di pi\u00f9 di mille anni l&#8217;aspetto della citt\u00e0 \u00e8 mutato per lasciare spazio all&#8217;eleganza attuale e al mantenimento dell&#8217;aspetto storico della citt\u00e0, in perfetta armonia con la parte moderna.<\/p>\n<p>Sapevate che la citt\u00e0 ha uno scudo reale con la rappresentazione di un oarso e un corbezzolo? Se non ci credete, sar\u00e0 facile lasciarvi prendere dall&#8217;euforia di scattare una foto ricordo con la statua di bronzo che presiede la piazza pi\u00f9 ricercata di Madrid. Dal 1967 l&#8217;orso e il corbezzolo presiedono la <em>Plaza de la Puerta del Sol<\/em> e ricevono visitatori da ogni parte del mondo. L\u2019orso in realt\u00e0 \u00e8 un\u2019orsa e racchiude una storia incredibile che scopriremo insieme.<\/p>\n<p>Perdersi fra le stradine di Madrid che hanno un profumo antico, arrivare alle sue piazze che hanno visto feste, celebrazioni e grandi avvenimenti storici sar\u00e0 una delle esperienze pi\u00f9 coinvolgenti che vivremo insieme.<\/p>\n<\/div><\/section><br \/>\n\n<style type=\"text\/css\" data-created_by=\"avia_inline_auto\" id=\"style-css-av-3vd3aa-b484d0ec0516733ea0eacbf241db1332\">\n#top .hr.hr-invisible.av-3vd3aa-b484d0ec0516733ea0eacbf241db1332{\nheight:50px;\n}\n<\/style>\n<div  class='hr av-3vd3aa-b484d0ec0516733ea0eacbf241db1332 hr-invisible  avia-builder-el-10  el_after_av_textblock  avia-builder-el-last '><span class='hr-inner '><span class=\"hr-inner-style\"><\/span><\/span><\/div><\/p><\/div>\n<style type=\"text\/css\" data-created_by=\"avia_inline_auto\" id=\"style-css-av-3otru2-6b8c428ef737a00b81905a3305bd2c5d\">\n.flex_column.av-3otru2-6b8c428ef737a00b81905a3305bd2c5d{\npadding:30px 30px 0px 30px;\n}\n<\/style>\n<div class='flex_column av-3otru2-6b8c428ef737a00b81905a3305bd2c5d av_one_third  avia-builder-el-11  el_after_av_two_third  avia-builder-el-last  sidebar-block flex_column_div av-animated-generic fade-in-up '     ><br \/>\n<form action=\"https:\/\/madridenrose.com\/it\/visita-madrid\/madrid-storica\/\" method=\"post\"  class=\"avia_ajax_form av-form-labels-hidden   avia-builder-el-13  el_after_av_codeblock  avia-builder-el-last   \" data-avia-form-id=\"1\" data-avia-redirect='' ><fieldset><p class='  first_form  form_element form_fullwidth' id='element_avia_1_1'><label for=\"avia_1_1\">Nome e cognome <abbr class=\"required\" title=\"richiesto\">*<\/abbr><\/label> <input name=\"avia_1_1\" class=\"text_input is_empty\" type=\"text\" id=\"avia_1_1\" value=\"\"  placeholder='Nome e cognome*'\/><\/p><p class='  first_form  form_element form_fullwidth' id='element_avia_2_1'><label for=\"avia_2_1\">Email <abbr class=\"required\" title=\"richiesto\">*<\/abbr><\/label> <input name=\"avia_2_1\" class=\"text_input is_email\" type=\"text\" id=\"avia_2_1\" value=\"\"  placeholder='Email*'\/><\/p><p class='  first_form  form_element form_fullwidth' id='element_avia_3_1'><label for=\"avia_3_1\">Telefono <abbr class=\"required\" title=\"richiesto\">*<\/abbr><\/label> <input name=\"avia_3_1\" class=\"text_input is_empty\" type=\"text\" id=\"avia_3_1\" value=\"\"  placeholder='Telefono*'\/><\/p><p class='  first_form  form_element form_fullwidth' id='element_avia_4_1'><label for=\"avia_4_1\">N\u00ba di Persone <abbr class=\"required\" title=\"richiesto\">*<\/abbr><\/label> <input name=\"avia_4_1\" class=\"text_input is_number\" type=\"text\" id=\"avia_4_1\" value=\"\"  placeholder='N\u00ba di Persone*'\/><\/p><p class='  first_form  form_element form_fullwidth' id='element_avia_5_1'><label for=\"avia_5_1\" class=\"textare_label hidden textare_label_avia_5_1\">Messaggio <abbr class=\"required\" title=\"richiesto\">*<\/abbr><\/label><textarea  placeholder='Messaggio*' name=\"avia_5_1\" class=\"text_area is_empty\" cols=\"40\" rows=\"7\" id=\"avia_5_1\" ><\/textarea><\/p><p class=\"hidden\"><input type=\"text\" name=\"avia_6_1\" class=\"hidden \" id=\"avia_6_1\" value=\"\" \/><\/p><p class='   form_element form_fullwidth' id='element_avia_7_1'><span class='value_verifier_label'>2 + 6 = ?<\/span><input name=\"avia_7_1_verifier\" type=\"hidden\" id=\"avia_7_1_verifier\" value=\"343723288\"\/><label for=\"avia_7_1\">Dimostra di essere umano risolvendo l'equazione <abbr class=\"required\" title=\"richiesto\">*<\/abbr><\/label><input name=\"avia_7_1\" class=\"text_input captcha\" type=\"text\" id=\"avia_7_1\" value=\"\"\/><\/p><p class=\"form_element \"><input type=\"hidden\" value=\"1\" name=\"avia_generated_form1\" \/><input type=\"submit\" value=\"RICHIEDERE INFORMAZIONI\" class=\"button\"  data-sending-label=\"Invio\"\/><\/p><\/fieldset><\/form><div id=\"ajaxresponse_1\" class=\"ajaxresponse ajaxresponse_1 hidden\"><\/div><\/p><\/div><\/p>\n","protected":false},"excerpt":{"rendered":"","protected":false},"author":1,"featured_media":414,"parent":336,"menu_order":3,"comment_status":"closed","ping_status":"closed","template":"","meta":{"footnotes":""},"class_list":["post-489","page","type-page","status-publish","has-post-thumbnail","hentry"],"yoast_head":"<!-- This site is optimized with the Yoast SEO plugin v22.1 - https:\/\/yoast.com\/wordpress\/plugins\/seo\/ -->\n<title>Madrid Storica | Madrid En Rose<\/title>\n<meta name=\"robots\" content=\"index, follow, max-snippet:-1, max-image-preview:large, max-video-preview:-1\" \/>\n<link rel=\"canonical\" href=\"https:\/\/madridenrose.com\/it\/visita-madrid\/madrid-storica\/\" \/>\n<meta property=\"og:locale\" content=\"it_IT\" \/>\n<meta property=\"og:type\" content=\"article\" \/>\n<meta property=\"og:title\" content=\"Madrid Storica | Madrid En Rose\" \/>\n<meta property=\"og:url\" content=\"https:\/\/madridenrose.com\/it\/visita-madrid\/madrid-storica\/\" \/>\n<meta property=\"og:site_name\" content=\"Madrid En Rose\" \/>\n<meta property=\"article:modified_time\" content=\"2022-11-16T10:10:46+00:00\" \/>\n<meta property=\"og:image\" content=\"https:\/\/madridenrose.com\/wp-content\/uploads\/visita-madrid-historico-tour.jpg\" \/>\n\t<meta property=\"og:image:width\" content=\"600\" \/>\n\t<meta property=\"og:image:height\" content=\"420\" \/>\n\t<meta property=\"og:image:type\" content=\"image\/jpeg\" \/>\n<meta name=\"twitter:card\" content=\"summary_large_image\" \/>\n<meta name=\"twitter:label1\" content=\"Tempo di lettura stimato\" \/>\n\t<meta name=\"twitter:data1\" content=\"10 minuti\" \/>\n<script type=\"application\/ld+json\" class=\"yoast-schema-graph\">{\"@context\":\"https:\/\/schema.org\",\"@graph\":[{\"@type\":\"WebPage\",\"@id\":\"https:\/\/madridenrose.com\/it\/visita-madrid\/madrid-storica\/\",\"url\":\"https:\/\/madridenrose.com\/it\/visita-madrid\/madrid-storica\/\",\"name\":\"Madrid Storica | Madrid En Rose\",\"isPartOf\":{\"@id\":\"https:\/\/madridenrose.com\/it\/#website\"},\"datePublished\":\"2022-11-15T23:10:31+00:00\",\"dateModified\":\"2022-11-16T10:10:46+00:00\",\"breadcrumb\":{\"@id\":\"https:\/\/madridenrose.com\/it\/visita-madrid\/madrid-storica\/#breadcrumb\"},\"inLanguage\":\"it-IT\",\"potentialAction\":[{\"@type\":\"ReadAction\",\"target\":[\"https:\/\/madridenrose.com\/it\/visita-madrid\/madrid-storica\/\"]}]},{\"@type\":\"BreadcrumbList\",\"@id\":\"https:\/\/madridenrose.com\/it\/visita-madrid\/madrid-storica\/#breadcrumb\",\"itemListElement\":[{\"@type\":\"ListItem\",\"position\":1,\"name\":\"Home\",\"item\":\"https:\/\/madridenrose.com\/it\/\"},{\"@type\":\"ListItem\",\"position\":2,\"name\":\"Visita Madrid\",\"item\":\"https:\/\/madridenrose.com\/it\/visita-madrid\/\"},{\"@type\":\"ListItem\",\"position\":3,\"name\":\"Madrid Storica\"}]},{\"@type\":\"WebSite\",\"@id\":\"https:\/\/madridenrose.com\/it\/#website\",\"url\":\"https:\/\/madridenrose.com\/it\/\",\"name\":\"Madrid En Rose\",\"description\":\"Development\",\"publisher\":{\"@id\":\"https:\/\/madridenrose.com\/it\/#\/schema\/person\/a102a2e3c66cbdc0e9d0e0bc3494253a\"},\"potentialAction\":[{\"@type\":\"SearchAction\",\"target\":{\"@type\":\"EntryPoint\",\"urlTemplate\":\"https:\/\/madridenrose.com\/it\/?s={search_term_string}\"},\"query-input\":\"required name=search_term_string\"}],\"inLanguage\":\"it-IT\"},{\"@type\":[\"Person\",\"Organization\"],\"@id\":\"https:\/\/madridenrose.com\/it\/#\/schema\/person\/a102a2e3c66cbdc0e9d0e0bc3494253a\",\"name\":\"Francesca De Rose\",\"image\":{\"@type\":\"ImageObject\",\"inLanguage\":\"it-IT\",\"@id\":\"https:\/\/madridenrose.com\/it\/#\/schema\/person\/image\/\",\"url\":\"http:\/\/madridenrose.com\/wp-content\/uploads\/madridenrose-logo-dummy-text.png\",\"contentUrl\":\"http:\/\/madridenrose.com\/wp-content\/uploads\/madridenrose-logo-dummy-text.png\",\"width\":665,\"height\":300,\"caption\":\"Francesca De Rose\"},\"logo\":{\"@id\":\"https:\/\/madridenrose.com\/it\/#\/schema\/person\/image\/\"},\"sameAs\":[\"https:\/\/www.instagram.com\/madridenrose.tours\/\"]}]}<\/script>\n<!-- \/ Yoast SEO plugin. -->","yoast_head_json":{"title":"Madrid Storica | Madrid En Rose","robots":{"index":"index","follow":"follow","max-snippet":"max-snippet:-1","max-image-preview":"max-image-preview:large","max-video-preview":"max-video-preview:-1"},"canonical":"https:\/\/madridenrose.com\/it\/visita-madrid\/madrid-storica\/","og_locale":"it_IT","og_type":"article","og_title":"Madrid Storica | Madrid En Rose","og_url":"https:\/\/madridenrose.com\/it\/visita-madrid\/madrid-storica\/","og_site_name":"Madrid En Rose","article_modified_time":"2022-11-16T10:10:46+00:00","og_image":[{"width":600,"height":420,"url":"https:\/\/madridenrose.com\/wp-content\/uploads\/visita-madrid-historico-tour.jpg","type":"image\/jpeg"}],"twitter_card":"summary_large_image","twitter_misc":{"Tempo di lettura stimato":"10 minuti"},"schema":{"@context":"https:\/\/schema.org","@graph":[{"@type":"WebPage","@id":"https:\/\/madridenrose.com\/it\/visita-madrid\/madrid-storica\/","url":"https:\/\/madridenrose.com\/it\/visita-madrid\/madrid-storica\/","name":"Madrid Storica | Madrid En Rose","isPartOf":{"@id":"https:\/\/madridenrose.com\/it\/#website"},"datePublished":"2022-11-15T23:10:31+00:00","dateModified":"2022-11-16T10:10:46+00:00","breadcrumb":{"@id":"https:\/\/madridenrose.com\/it\/visita-madrid\/madrid-storica\/#breadcrumb"},"inLanguage":"it-IT","potentialAction":[{"@type":"ReadAction","target":["https:\/\/madridenrose.com\/it\/visita-madrid\/madrid-storica\/"]}]},{"@type":"BreadcrumbList","@id":"https:\/\/madridenrose.com\/it\/visita-madrid\/madrid-storica\/#breadcrumb","itemListElement":[{"@type":"ListItem","position":1,"name":"Home","item":"https:\/\/madridenrose.com\/it\/"},{"@type":"ListItem","position":2,"name":"Visita Madrid","item":"https:\/\/madridenrose.com\/it\/visita-madrid\/"},{"@type":"ListItem","position":3,"name":"Madrid Storica"}]},{"@type":"WebSite","@id":"https:\/\/madridenrose.com\/it\/#website","url":"https:\/\/madridenrose.com\/it\/","name":"Madrid En Rose","description":"Development","publisher":{"@id":"https:\/\/madridenrose.com\/it\/#\/schema\/person\/a102a2e3c66cbdc0e9d0e0bc3494253a"},"potentialAction":[{"@type":"SearchAction","target":{"@type":"EntryPoint","urlTemplate":"https:\/\/madridenrose.com\/it\/?s={search_term_string}"},"query-input":"required name=search_term_string"}],"inLanguage":"it-IT"},{"@type":["Person","Organization"],"@id":"https:\/\/madridenrose.com\/it\/#\/schema\/person\/a102a2e3c66cbdc0e9d0e0bc3494253a","name":"Francesca De Rose","image":{"@type":"ImageObject","inLanguage":"it-IT","@id":"https:\/\/madridenrose.com\/it\/#\/schema\/person\/image\/","url":"http:\/\/madridenrose.com\/wp-content\/uploads\/madridenrose-logo-dummy-text.png","contentUrl":"http:\/\/madridenrose.com\/wp-content\/uploads\/madridenrose-logo-dummy-text.png","width":665,"height":300,"caption":"Francesca De Rose"},"logo":{"@id":"https:\/\/madridenrose.com\/it\/#\/schema\/person\/image\/"},"sameAs":["https:\/\/www.instagram.com\/madridenrose.tours\/"]}]}},"_links":{"self":[{"href":"https:\/\/madridenrose.com\/it\/wp-json\/wp\/v2\/pages\/489","targetHints":{"allow":["GET"]}}],"collection":[{"href":"https:\/\/madridenrose.com\/it\/wp-json\/wp\/v2\/pages"}],"about":[{"href":"https:\/\/madridenrose.com\/it\/wp-json\/wp\/v2\/types\/page"}],"author":[{"embeddable":true,"href":"https:\/\/madridenrose.com\/it\/wp-json\/wp\/v2\/users\/1"}],"replies":[{"embeddable":true,"href":"https:\/\/madridenrose.com\/it\/wp-json\/wp\/v2\/comments?post=489"}],"version-history":[{"count":0,"href":"https:\/\/madridenrose.com\/it\/wp-json\/wp\/v2\/pages\/489\/revisions"}],"up":[{"embeddable":true,"href":"https:\/\/madridenrose.com\/it\/wp-json\/wp\/v2\/pages\/336"}],"wp:featuredmedia":[{"embeddable":true,"href":"https:\/\/madridenrose.com\/it\/wp-json\/wp\/v2\/media\/414"}],"wp:attachment":[{"href":"https:\/\/madridenrose.com\/it\/wp-json\/wp\/v2\/media?parent=489"}],"curies":[{"name":"wp","href":"https:\/\/api.w.org\/{rel}","templated":true}]}}