{"id":553,"date":"2022-11-16T10:33:18","date_gmt":"2022-11-16T09:33:18","guid":{"rendered":"http:\/\/madridenrose.com\/?page_id=553"},"modified":"2023-01-10T13:04:35","modified_gmt":"2023-01-10T12:04:35","slug":"madrid-monumentale","status":"publish","type":"page","link":"https:\/\/madridenrose.com\/it\/visita-madrid\/madrid-monumentale\/","title":{"rendered":"Madrid Monumentale"},"content":{"rendered":"<div id='av_section_1'  class='avia-section av-2fodyg-92e849a79ed9f562ff6e5ccb07eadac6 main_color avia-section-no-padding avia-no-border-styling  avia-builder-el-0  el_before_av_section  avia-builder-el-first  avia-bg-style-scroll container_wrap fullsize'  ><div class='container av-section-cont-open' ><main  role=\"main\" itemprop=\"mainContentOfPage\"  class='template-page content  av-content-full alpha units'><div class='post-entry post-entry-type-page post-entry-553'><div class='entry-content-wrapper clearfix'>\n<div class='flex_column av-263p08-e1615fad93a150248c4ae9d18e025542 av_one_full  avia-builder-el-1  el_before_av_one_full  avia-builder-el-first  first flex_column_div av-animated-generic fade-in '     ><p>\n<style type=\"text\/css\" data-created_by=\"avia_inline_auto\" id=\"style-css-av-lajg3u5y-f1dfb955a73fe5d78f60c412aef93c47\">\n.avia-image-container.av-lajg3u5y-f1dfb955a73fe5d78f60c412aef93c47 img.avia_image{\nbox-shadow:none;\n}\n.avia-image-container.av-lajg3u5y-f1dfb955a73fe5d78f60c412aef93c47 .av-image-caption-overlay-center{\ncolor:#ffffff;\n}\n<\/style>\n<div  class='avia-image-container av-lajg3u5y-f1dfb955a73fe5d78f60c412aef93c47 av-styling-no-styling avia-align-center  avia-builder-el-2  el_before_av_image  avia-builder-el-first  av-mini-hide'   itemprop=\"image\" itemscope=\"itemscope\" itemtype=\"https:\/\/schema.org\/ImageObject\" ><div class=\"avia-image-container-inner\"><div class=\"avia-image-overlay-wrap\"><img decoding=\"async\" class='wp-image-426 avia-img-lazy-loading-not-426 avia_image ' src=\"https:\/\/madridenrose.com\/wp-content\/uploads\/visita-madrid-monumental.jpg\" alt='' title='visita-madrid-monumental'  height=\"580\" width=\"1280\"  itemprop=\"thumbnailUrl\" srcset=\"https:\/\/madridenrose.com\/wp-content\/uploads\/visita-madrid-monumental.jpg 1280w, https:\/\/madridenrose.com\/wp-content\/uploads\/visita-madrid-monumental-300x136.jpg 300w, https:\/\/madridenrose.com\/wp-content\/uploads\/visita-madrid-monumental-1030x467.jpg 1030w, https:\/\/madridenrose.com\/wp-content\/uploads\/visita-madrid-monumental-768x348.jpg 768w, https:\/\/madridenrose.com\/wp-content\/uploads\/visita-madrid-monumental-705x319.jpg 705w\" sizes=\"(max-width: 1280px) 100vw, 1280px\" \/><\/div><\/div><\/div><br \/>\n\n<style type=\"text\/css\" data-created_by=\"avia_inline_auto\" id=\"style-css-av-lajg3z9f-9f1e98a611b313f1e4a7cddc12311fe0\">\n.avia-image-container.av-lajg3z9f-9f1e98a611b313f1e4a7cddc12311fe0 img.avia_image{\nbox-shadow:none;\n}\n.avia-image-container.av-lajg3z9f-9f1e98a611b313f1e4a7cddc12311fe0 .av-image-caption-overlay-center{\ncolor:#ffffff;\n}\n<\/style>\n<div  class='avia-image-container av-lajg3z9f-9f1e98a611b313f1e4a7cddc12311fe0 av-styling-no-styling avia-align-center  avia-builder-el-3  el_after_av_image  avia-builder-el-last  av-desktop-hide av-medium-hide av-small-hide'   itemprop=\"image\" itemscope=\"itemscope\" itemtype=\"https:\/\/schema.org\/ImageObject\" ><div class=\"avia-image-container-inner\"><div class=\"avia-image-overlay-wrap\"><img decoding=\"async\" class='wp-image-428 avia-img-lazy-loading-not-428 avia_image ' src=\"https:\/\/madridenrose.com\/wp-content\/uploads\/visita-madrid-monumental-tour.jpg\" alt='' title='visita-madrid-monumental-tour'  height=\"420\" width=\"600\"  itemprop=\"thumbnailUrl\" srcset=\"https:\/\/madridenrose.com\/wp-content\/uploads\/visita-madrid-monumental-tour.jpg 600w, https:\/\/madridenrose.com\/wp-content\/uploads\/visita-madrid-monumental-tour-300x210.jpg 300w\" sizes=\"(max-width: 600px) 100vw, 600px\" \/><\/div><\/div><\/div><\/p><\/div>\n<style type=\"text\/css\" data-created_by=\"avia_inline_auto\" id=\"style-css-av-21mphc-b5e43089996e976c093933cc7f1e8d39\">\n#top .flex_column.av-21mphc-b5e43089996e976c093933cc7f1e8d39{\nmargin-top:0px;\nmargin-bottom:0px;\n}\n.responsive #top #wrap_all .flex_column.av-21mphc-b5e43089996e976c093933cc7f1e8d39{\nmargin-top:0px;\nmargin-bottom:0px;\n}\n<\/style>\n<div class='flex_column av-21mphc-b5e43089996e976c093933cc7f1e8d39 av_one_full  avia-builder-el-4  el_after_av_one_full  avia-builder-el-last  first flex_column_div av-animated-generic fade-in column-top-margin'     ><\/div><\/div><\/div><\/main><!-- close content main element --><\/div><\/div><div id='av_section_2'  class='avia-section av-1r0m2w-54f0909488e46d40aa3671effc933e8a main_color avia-section-default avia-no-border-styling  avia-builder-el-6  el_after_av_section  avia-builder-el-last  tour-description avia-bg-style-scroll container_wrap fullsize'  ><div class='container av-section-cont-open' ><div class='template-page content  av-content-full alpha units'><div class='post-entry post-entry-type-page post-entry-553'><div class='entry-content-wrapper clearfix'>\n<div class='flex_column av-1l7j2o-d8cd34a55f87fd3f4008c4fb3733374e av_two_third  avia-builder-el-7  el_before_av_one_third  avia-builder-el-first  first flex_column_div av-animated-generic fade-in-up '     ><br \/>\n<section  class='av_textblock_section av-lajg1e8n-098830797f85ae7711653ada5abc9eed'  itemscope=\"itemscope\" itemtype=\"https:\/\/schema.org\/CreativeWork\" ><div class='avia_textblock'  itemprop=\"text\" ><p>La nostra visita ha inizio nella Plaza de la Puerta del Sol, cuore nevralgico della citt\u00e0 di Madrid, punto di partenza di tutte le strade della Spagna, la piazza pi\u00f9 frequentata della citt\u00e0. Dalla Puerta del Sol sino allo storico Parco del Retiro ci attende una piacevole passeggiata tra monumenti moderni e spettcolari, riflesso di un\u2019architettura a cavallo tra due secoli: il XIX e il XX.<br \/>\nCon l\u2019arrivo dell\u2019Illuminismo la storia della citt\u00e0 di Madrid cambia notevolmente. La casata de I Borbone di Francia segner\u00e0 il cambio sia politico che di stile della citt\u00e0, che inizier\u00e0 ad assumere un aspetto pi\u00f9 elegante e raffinato.<\/p>\n<p>Con l\u2019arrivo di Carlo III di Borbone a Madrid, nel 1759, Madrid diventer\u00e0 una citt\u00e0 nuova.<\/p>\n<p>Figlio di Filippo V di Borbone, il duca d\u2019Anjou e di Elisabetta Farnese, Carlo nasce il 20 gennaio del 1716 a Madrid. Trasferitosi in Italia sar\u00e0 Re del regno delle Due Sicilie con capitale a Napoli, dal 1734 al 1759.<\/p>\n<p>Il \u201cmiglior sindaco\u201d di Madrid (cos\u00ec passer\u00e0 alla storia) inizier\u00e0 le grandi opere nella citt\u00e0 fino a darle lo splendore che ancora oggi si pu\u00f2 apprezzare in ogni dove. Il suo monumento equestre si erige nel 1994 nella Plaza de la Puerta del Sol; possiamo leggere nel piedistallo un\u2019epigrafe che recita: \u201cGobern\u00f3 y moderniz\u00f3 el pa\u00eds con ayuda de notables pol\u00edticos, reformado-res, pensadores, cient\u00edficos y artistas\u201d (Govern\u00f2 e modernizzo il paese con l\u2019aiuto di politici, riformatori, pensatori, scienziati e artisti).<br \/>\nCon Carlo III inizia l\u2019era della modernit\u00e0 e dell\u2019Illuminismo, grazie al rin-novamento della citt\u00e0, il suo sviluppo e alla promozione delle scienze e del-le arti perfetto connubio ed emblema della nuova era.<\/p>\n<p>Il Paseo del Prado e le sue monumentali fontane di Nettuno, Apollo e Ci-bele sono solo un esempio della bellezza della nuova Madrid di Carlo III. Altri monumenti come la Puerta de Alcal\u00e1, il Real Jard\u00edn Bot\u00e1nico, il Pa-lazzo Reale, la Real Casa de Correos sono tra le opere pi\u00f9 meritevoli di lo-de del governo del sovrano borbonico.<br \/>\nSapevi che la statua di Apollo del Paseo del Prado \u00e8 un omaggio a Carlo III?<\/p>\n<p>\u00c8 l\u2019allegoria del re che cos\u00ec come il dio greco \u00e8 il rappresentante delle scien-ze e delle arti.<\/p>\n<p>Non perdere l\u2019opportunit\u00e0 di conoscere una parte della citt\u00e0 che ti lascer\u00e0 senza fiato per la sua bellezza.<\/p>\n<\/div><\/section><br \/>\n\n<style type=\"text\/css\" data-created_by=\"avia_inline_auto\" id=\"style-css-av-1ef0ls-23fd8363b93a61748a8e83498e208755\">\n#top .hr.hr-invisible.av-1ef0ls-23fd8363b93a61748a8e83498e208755{\nheight:50px;\n}\n<\/style>\n<div  class='hr av-1ef0ls-23fd8363b93a61748a8e83498e208755 hr-invisible  avia-builder-el-10  el_after_av_textblock  avia-builder-el-last '><span class='hr-inner '><span class=\"hr-inner-style\"><\/span><\/span><\/div><\/p><\/div>\n<style type=\"text\/css\" data-created_by=\"avia_inline_auto\" id=\"style-css-av-4qync-693c6299400fab104b2d9f444eac8abf\">\n.flex_column.av-4qync-693c6299400fab104b2d9f444eac8abf{\npadding:30px 30px 0px 30px;\n}\n<\/style>\n<div class='flex_column av-4qync-693c6299400fab104b2d9f444eac8abf av_one_third  avia-builder-el-11  el_after_av_two_third  avia-builder-el-last  sidebar-block flex_column_div av-animated-generic fade-in-up '     ><br \/>\n<form action=\"https:\/\/madridenrose.com\/it\/visita-madrid\/madrid-monumentale\/\" method=\"post\"  class=\"avia_ajax_form av-form-labels-hidden   avia-builder-el-13  el_after_av_codeblock  avia-builder-el-last   \" data-avia-form-id=\"1\" data-avia-redirect='' ><fieldset><p class='  first_form  form_element form_fullwidth' id='element_avia_1_1'><label for=\"avia_1_1\">Nome e cognome <abbr class=\"required\" title=\"richiesto\">*<\/abbr><\/label> <input name=\"avia_1_1\" class=\"text_input is_empty\" type=\"text\" id=\"avia_1_1\" value=\"\"  placeholder='Nome e cognome*'\/><\/p><p class='  first_form  form_element form_fullwidth' id='element_avia_2_1'><label for=\"avia_2_1\">Email <abbr class=\"required\" title=\"richiesto\">*<\/abbr><\/label> <input name=\"avia_2_1\" class=\"text_input is_email\" type=\"text\" id=\"avia_2_1\" value=\"\"  placeholder='Email*'\/><\/p><p class='  first_form  form_element form_fullwidth' id='element_avia_3_1'><label for=\"avia_3_1\">Telefono <abbr class=\"required\" title=\"richiesto\">*<\/abbr><\/label> <input name=\"avia_3_1\" class=\"text_input is_empty\" type=\"text\" id=\"avia_3_1\" value=\"\"  placeholder='Telefono*'\/><\/p><p class='  first_form  form_element form_fullwidth' id='element_avia_4_1'><label for=\"avia_4_1\">N\u00ba di Persone <abbr class=\"required\" title=\"richiesto\">*<\/abbr><\/label> <input name=\"avia_4_1\" class=\"text_input is_number\" type=\"text\" id=\"avia_4_1\" value=\"\"  placeholder='N\u00ba di Persone*'\/><\/p><p class='  first_form  form_element form_fullwidth' id='element_avia_5_1'><label for=\"avia_5_1\" class=\"textare_label hidden textare_label_avia_5_1\">Messaggio <abbr class=\"required\" title=\"richiesto\">*<\/abbr><\/label><textarea  placeholder='Messaggio*' name=\"avia_5_1\" class=\"text_area is_empty\" cols=\"40\" rows=\"7\" id=\"avia_5_1\" ><\/textarea><\/p><p class=\"hidden\"><input type=\"text\" name=\"avia_6_1\" class=\"hidden \" id=\"avia_6_1\" value=\"\" \/><\/p><p class='   form_element form_fullwidth' id='element_avia_7_1'><span class='value_verifier_label'>4 + 1 = ?<\/span><input name=\"avia_7_1_verifier\" type=\"hidden\" id=\"avia_7_1_verifier\" value=\"233577363\"\/><label for=\"avia_7_1\">Dimostra di essere umano risolvendo l'equazione <abbr class=\"required\" title=\"richiesto\">*<\/abbr><\/label><input name=\"avia_7_1\" class=\"text_input captcha\" type=\"text\" id=\"avia_7_1\" value=\"\"\/><\/p><p class=\"form_element \"><input type=\"hidden\" value=\"1\" name=\"avia_generated_form1\" \/><input type=\"submit\" value=\"Richiedi informazioni\" class=\"button\"  data-sending-label=\"Invio\"\/><\/p><\/fieldset><\/form><div id=\"ajaxresponse_1\" class=\"ajaxresponse ajaxresponse_1 hidden\"><\/div><\/p><\/div><\/p>\n","protected":false},"excerpt":{"rendered":"","protected":false},"author":1,"featured_media":428,"parent":336,"menu_order":4,"comment_status":"closed","ping_status":"closed","template":"","meta":{"footnotes":""},"class_list":["post-553","page","type-page","status-publish","has-post-thumbnail","hentry"],"yoast_head":"<!-- This site is optimized with the Yoast SEO plugin v22.1 - https:\/\/yoast.com\/wordpress\/plugins\/seo\/ -->\n<title>Madrid Monumentale | Madrid En Rose<\/title>\n<meta name=\"robots\" content=\"index, follow, max-snippet:-1, max-image-preview:large, max-video-preview:-1\" \/>\n<link rel=\"canonical\" href=\"https:\/\/madridenrose.com\/it\/visita-madrid\/madrid-monumentale\/\" \/>\n<meta property=\"og:locale\" content=\"it_IT\" \/>\n<meta property=\"og:type\" content=\"article\" \/>\n<meta property=\"og:title\" content=\"Madrid Monumentale | Madrid En Rose\" \/>\n<meta property=\"og:url\" content=\"https:\/\/madridenrose.com\/it\/visita-madrid\/madrid-monumentale\/\" \/>\n<meta property=\"og:site_name\" content=\"Madrid En Rose\" \/>\n<meta property=\"article:modified_time\" content=\"2023-01-10T12:04:35+00:00\" \/>\n<meta property=\"og:image\" content=\"https:\/\/madridenrose.com\/wp-content\/uploads\/visita-madrid-monumental-tour.jpg\" \/>\n\t<meta property=\"og:image:width\" content=\"600\" \/>\n\t<meta property=\"og:image:height\" content=\"420\" \/>\n\t<meta property=\"og:image:type\" content=\"image\/jpeg\" \/>\n<meta name=\"twitter:card\" content=\"summary_large_image\" \/>\n<meta name=\"twitter:label1\" content=\"Tempo di lettura stimato\" \/>\n\t<meta name=\"twitter:data1\" content=\"10 minuti\" \/>\n<script type=\"application\/ld+json\" class=\"yoast-schema-graph\">{\"@context\":\"https:\/\/schema.org\",\"@graph\":[{\"@type\":\"WebPage\",\"@id\":\"https:\/\/madridenrose.com\/it\/visita-madrid\/madrid-monumentale\/\",\"url\":\"https:\/\/madridenrose.com\/it\/visita-madrid\/madrid-monumentale\/\",\"name\":\"Madrid Monumentale | Madrid En Rose\",\"isPartOf\":{\"@id\":\"https:\/\/madridenrose.com\/it\/#website\"},\"datePublished\":\"2022-11-16T09:33:18+00:00\",\"dateModified\":\"2023-01-10T12:04:35+00:00\",\"breadcrumb\":{\"@id\":\"https:\/\/madridenrose.com\/it\/visita-madrid\/madrid-monumentale\/#breadcrumb\"},\"inLanguage\":\"it-IT\",\"potentialAction\":[{\"@type\":\"ReadAction\",\"target\":[\"https:\/\/madridenrose.com\/it\/visita-madrid\/madrid-monumentale\/\"]}]},{\"@type\":\"BreadcrumbList\",\"@id\":\"https:\/\/madridenrose.com\/it\/visita-madrid\/madrid-monumentale\/#breadcrumb\",\"itemListElement\":[{\"@type\":\"ListItem\",\"position\":1,\"name\":\"Home\",\"item\":\"https:\/\/madridenrose.com\/it\/\"},{\"@type\":\"ListItem\",\"position\":2,\"name\":\"Visita Madrid\",\"item\":\"https:\/\/madridenrose.com\/it\/visita-madrid\/\"},{\"@type\":\"ListItem\",\"position\":3,\"name\":\"Madrid Monumentale\"}]},{\"@type\":\"WebSite\",\"@id\":\"https:\/\/madridenrose.com\/it\/#website\",\"url\":\"https:\/\/madridenrose.com\/it\/\",\"name\":\"Madrid En Rose\",\"description\":\"Development\",\"publisher\":{\"@id\":\"https:\/\/madridenrose.com\/it\/#\/schema\/person\/a102a2e3c66cbdc0e9d0e0bc3494253a\"},\"potentialAction\":[{\"@type\":\"SearchAction\",\"target\":{\"@type\":\"EntryPoint\",\"urlTemplate\":\"https:\/\/madridenrose.com\/it\/?s={search_term_string}\"},\"query-input\":\"required name=search_term_string\"}],\"inLanguage\":\"it-IT\"},{\"@type\":[\"Person\",\"Organization\"],\"@id\":\"https:\/\/madridenrose.com\/it\/#\/schema\/person\/a102a2e3c66cbdc0e9d0e0bc3494253a\",\"name\":\"Francesca De Rose\",\"image\":{\"@type\":\"ImageObject\",\"inLanguage\":\"it-IT\",\"@id\":\"https:\/\/madridenrose.com\/it\/#\/schema\/person\/image\/\",\"url\":\"http:\/\/madridenrose.com\/wp-content\/uploads\/madridenrose-logo-dummy-text.png\",\"contentUrl\":\"http:\/\/madridenrose.com\/wp-content\/uploads\/madridenrose-logo-dummy-text.png\",\"width\":665,\"height\":300,\"caption\":\"Francesca De Rose\"},\"logo\":{\"@id\":\"https:\/\/madridenrose.com\/it\/#\/schema\/person\/image\/\"},\"sameAs\":[\"https:\/\/www.instagram.com\/madridenrose.tours\/\"]}]}<\/script>\n<!-- \/ Yoast SEO plugin. -->","yoast_head_json":{"title":"Madrid Monumentale | Madrid En Rose","robots":{"index":"index","follow":"follow","max-snippet":"max-snippet:-1","max-image-preview":"max-image-preview:large","max-video-preview":"max-video-preview:-1"},"canonical":"https:\/\/madridenrose.com\/it\/visita-madrid\/madrid-monumentale\/","og_locale":"it_IT","og_type":"article","og_title":"Madrid Monumentale | Madrid En Rose","og_url":"https:\/\/madridenrose.com\/it\/visita-madrid\/madrid-monumentale\/","og_site_name":"Madrid En Rose","article_modified_time":"2023-01-10T12:04:35+00:00","og_image":[{"width":600,"height":420,"url":"https:\/\/madridenrose.com\/wp-content\/uploads\/visita-madrid-monumental-tour.jpg","type":"image\/jpeg"}],"twitter_card":"summary_large_image","twitter_misc":{"Tempo di lettura stimato":"10 minuti"},"schema":{"@context":"https:\/\/schema.org","@graph":[{"@type":"WebPage","@id":"https:\/\/madridenrose.com\/it\/visita-madrid\/madrid-monumentale\/","url":"https:\/\/madridenrose.com\/it\/visita-madrid\/madrid-monumentale\/","name":"Madrid Monumentale | Madrid En Rose","isPartOf":{"@id":"https:\/\/madridenrose.com\/it\/#website"},"datePublished":"2022-11-16T09:33:18+00:00","dateModified":"2023-01-10T12:04:35+00:00","breadcrumb":{"@id":"https:\/\/madridenrose.com\/it\/visita-madrid\/madrid-monumentale\/#breadcrumb"},"inLanguage":"it-IT","potentialAction":[{"@type":"ReadAction","target":["https:\/\/madridenrose.com\/it\/visita-madrid\/madrid-monumentale\/"]}]},{"@type":"BreadcrumbList","@id":"https:\/\/madridenrose.com\/it\/visita-madrid\/madrid-monumentale\/#breadcrumb","itemListElement":[{"@type":"ListItem","position":1,"name":"Home","item":"https:\/\/madridenrose.com\/it\/"},{"@type":"ListItem","position":2,"name":"Visita Madrid","item":"https:\/\/madridenrose.com\/it\/visita-madrid\/"},{"@type":"ListItem","position":3,"name":"Madrid Monumentale"}]},{"@type":"WebSite","@id":"https:\/\/madridenrose.com\/it\/#website","url":"https:\/\/madridenrose.com\/it\/","name":"Madrid En Rose","description":"Development","publisher":{"@id":"https:\/\/madridenrose.com\/it\/#\/schema\/person\/a102a2e3c66cbdc0e9d0e0bc3494253a"},"potentialAction":[{"@type":"SearchAction","target":{"@type":"EntryPoint","urlTemplate":"https:\/\/madridenrose.com\/it\/?s={search_term_string}"},"query-input":"required name=search_term_string"}],"inLanguage":"it-IT"},{"@type":["Person","Organization"],"@id":"https:\/\/madridenrose.com\/it\/#\/schema\/person\/a102a2e3c66cbdc0e9d0e0bc3494253a","name":"Francesca De Rose","image":{"@type":"ImageObject","inLanguage":"it-IT","@id":"https:\/\/madridenrose.com\/it\/#\/schema\/person\/image\/","url":"http:\/\/madridenrose.com\/wp-content\/uploads\/madridenrose-logo-dummy-text.png","contentUrl":"http:\/\/madridenrose.com\/wp-content\/uploads\/madridenrose-logo-dummy-text.png","width":665,"height":300,"caption":"Francesca De Rose"},"logo":{"@id":"https:\/\/madridenrose.com\/it\/#\/schema\/person\/image\/"},"sameAs":["https:\/\/www.instagram.com\/madridenrose.tours\/"]}]}},"_links":{"self":[{"href":"https:\/\/madridenrose.com\/it\/wp-json\/wp\/v2\/pages\/553","targetHints":{"allow":["GET"]}}],"collection":[{"href":"https:\/\/madridenrose.com\/it\/wp-json\/wp\/v2\/pages"}],"about":[{"href":"https:\/\/madridenrose.com\/it\/wp-json\/wp\/v2\/types\/page"}],"author":[{"embeddable":true,"href":"https:\/\/madridenrose.com\/it\/wp-json\/wp\/v2\/users\/1"}],"replies":[{"embeddable":true,"href":"https:\/\/madridenrose.com\/it\/wp-json\/wp\/v2\/comments?post=553"}],"version-history":[{"count":0,"href":"https:\/\/madridenrose.com\/it\/wp-json\/wp\/v2\/pages\/553\/revisions"}],"up":[{"embeddable":true,"href":"https:\/\/madridenrose.com\/it\/wp-json\/wp\/v2\/pages\/336"}],"wp:featuredmedia":[{"embeddable":true,"href":"https:\/\/madridenrose.com\/it\/wp-json\/wp\/v2\/media\/428"}],"wp:attachment":[{"href":"https:\/\/madridenrose.com\/it\/wp-json\/wp\/v2\/media?parent=553"}],"curies":[{"name":"wp","href":"https:\/\/api.w.org\/{rel}","templated":true}]}}