{"id":555,"date":"2022-11-16T10:49:53","date_gmt":"2022-11-16T09:49:53","guid":{"rendered":"http:\/\/madridenrose.com\/?page_id=555"},"modified":"2023-01-10T13:11:21","modified_gmt":"2023-01-10T12:11:21","slug":"il-quartiere-chueca","status":"publish","type":"page","link":"https:\/\/madridenrose.com\/it\/visita-madrid\/il-quartiere-chueca\/","title":{"rendered":"Il Quartiere Chueca"},"content":{"rendered":"<div id='av_section_1'  class='avia-section av-294ks1-868ee4f0565b5796bd13bdd194e1b788 main_color avia-section-no-padding avia-no-border-styling  avia-builder-el-0  el_before_av_section  avia-builder-el-first  avia-bg-style-scroll container_wrap fullsize'  ><div class='container av-section-cont-open' ><main  role=\"main\" itemprop=\"mainContentOfPage\"  class='template-page content  av-content-full alpha units'><div class='post-entry post-entry-type-page post-entry-555'><div class='entry-content-wrapper clearfix'>\n<div class='flex_column av-2574yh-d9807c0438e55b5ed3857ac54904798c av_one_full  avia-builder-el-1  el_before_av_one_full  avia-builder-el-first  first flex_column_div av-animated-generic fade-in '     ><p>\n<style type=\"text\/css\" data-created_by=\"avia_inline_auto\" id=\"style-css-av-lajgngtk-64c4dd3623b4eeda946bb8ac04bf69da\">\n.avia-image-container.av-lajgngtk-64c4dd3623b4eeda946bb8ac04bf69da img.avia_image{\nbox-shadow:none;\n}\n.avia-image-container.av-lajgngtk-64c4dd3623b4eeda946bb8ac04bf69da .av-image-caption-overlay-center{\ncolor:#ffffff;\n}\n<\/style>\n<div  class='avia-image-container av-lajgngtk-64c4dd3623b4eeda946bb8ac04bf69da av-styling-no-styling avia-align-center  avia-builder-el-2  el_before_av_image  avia-builder-el-first  av-mini-hide'   itemprop=\"image\" itemscope=\"itemscope\" itemtype=\"https:\/\/schema.org\/ImageObject\" ><div class=\"avia-image-container-inner\"><div class=\"avia-image-overlay-wrap\"><img decoding=\"async\" class='wp-image-451 avia-img-lazy-loading-not-451 avia_image ' src=\"https:\/\/madridenrose.com\/wp-content\/uploads\/visita-barrio-chueca.jpg\" alt='' title='visita-barrio-chueca'  height=\"580\" width=\"1280\"  itemprop=\"thumbnailUrl\" srcset=\"https:\/\/madridenrose.com\/wp-content\/uploads\/visita-barrio-chueca.jpg 1280w, https:\/\/madridenrose.com\/wp-content\/uploads\/visita-barrio-chueca-300x136.jpg 300w, https:\/\/madridenrose.com\/wp-content\/uploads\/visita-barrio-chueca-1030x467.jpg 1030w, https:\/\/madridenrose.com\/wp-content\/uploads\/visita-barrio-chueca-768x348.jpg 768w, https:\/\/madridenrose.com\/wp-content\/uploads\/visita-barrio-chueca-705x319.jpg 705w\" sizes=\"(max-width: 1280px) 100vw, 1280px\" \/><\/div><\/div><\/div><br \/>\n\n<style type=\"text\/css\" data-created_by=\"avia_inline_auto\" id=\"style-css-av-lajgnllx-673e0c1d98d111215f29970de9077037\">\n.avia-image-container.av-lajgnllx-673e0c1d98d111215f29970de9077037 img.avia_image{\nbox-shadow:none;\n}\n.avia-image-container.av-lajgnllx-673e0c1d98d111215f29970de9077037 .av-image-caption-overlay-center{\ncolor:#ffffff;\n}\n<\/style>\n<div  class='avia-image-container av-lajgnllx-673e0c1d98d111215f29970de9077037 av-styling-no-styling avia-align-center  avia-builder-el-3  el_after_av_image  avia-builder-el-last  av-desktop-hide av-medium-hide av-small-hide'   itemprop=\"image\" itemscope=\"itemscope\" itemtype=\"https:\/\/schema.org\/ImageObject\" ><div class=\"avia-image-container-inner\"><div class=\"avia-image-overlay-wrap\"><img decoding=\"async\" class='wp-image-453 avia-img-lazy-loading-not-453 avia_image ' src=\"https:\/\/madridenrose.com\/wp-content\/uploads\/visita-barrio-chueca-tour.jpg\" alt='' title='visita-barrio-chueca-tour'  height=\"420\" width=\"600\"  itemprop=\"thumbnailUrl\" srcset=\"https:\/\/madridenrose.com\/wp-content\/uploads\/visita-barrio-chueca-tour.jpg 600w, https:\/\/madridenrose.com\/wp-content\/uploads\/visita-barrio-chueca-tour-300x210.jpg 300w\" sizes=\"(max-width: 600px) 100vw, 600px\" \/><\/div><\/div><\/div><\/p><\/div>\n<style type=\"text\/css\" data-created_by=\"avia_inline_auto\" id=\"style-css-av-1ye721-4761277ec655dd2804fe1556166aad8b\">\n#top .flex_column.av-1ye721-4761277ec655dd2804fe1556166aad8b{\nmargin-top:0px;\nmargin-bottom:0px;\n}\n.responsive #top #wrap_all .flex_column.av-1ye721-4761277ec655dd2804fe1556166aad8b{\nmargin-top:0px;\nmargin-bottom:0px;\n}\n<\/style>\n<div class='flex_column av-1ye721-4761277ec655dd2804fe1556166aad8b av_one_full  avia-builder-el-4  el_after_av_one_full  avia-builder-el-last  first flex_column_div av-animated-generic fade-in column-top-margin'     ><\/div><\/div><\/div><\/main><!-- close content main element --><\/div><\/div><div id='av_section_2'  class='avia-section av-1qa90x-6689b3eb89893b483746df2cea43ac39 main_color avia-section-default avia-no-border-styling  avia-builder-el-6  el_after_av_section  avia-builder-el-last  tour-description avia-bg-style-scroll container_wrap fullsize'  ><div class='container av-section-cont-open' ><div class='template-page content  av-content-full alpha units'><div class='post-entry post-entry-type-page post-entry-555'><div class='entry-content-wrapper clearfix'>\n<div class='flex_column av-1miomh-14dd254b7ee8d1877a874741322c0d3d av_two_third  avia-builder-el-7  el_before_av_one_third  avia-builder-el-first  first flex_column_div av-animated-generic fade-in-up '     ><br \/>\n<section  class='av_textblock_section av-lajglqj8-eab9a8b7b88152e098c3d5fbadf236a1'  itemscope=\"itemscope\" itemtype=\"https:\/\/schema.org\/CreativeWork\" ><div class='avia_textblock'  itemprop=\"text\" ><p>Il quartiere Chueca di Madrid \u00e8 uno dei quartieri pi\u00f9 sorprendenti ed ele-ganti della citt\u00e0. \u00c8 il quartiere gay di Madrid dove si possono apprezzare moda chic e stravagante, con bellissimi locali di design, ristoranti e bar di cucina internazionale e una scintillante notte, colorata e unica, in puro stile Madrid.<\/p>\n<p>Conosceremo la magnifica architettura del quartiere che alterna lo stile clas-sico al moderno.<\/p>\n<p>Il quartiere Chueca prende il nome dall\u2019omonima piazza del quartiere, dedi-cata al compositore Federico Chueca, nato a Madrid nella centrale Plaza de la Villa, nella Torre dei Lujanes, emblematica torre mudejar della citt\u00e0 (in stile arabo), ben lontana dal quartiere Chueca.<\/p>\n<p>Chueca negli anni \u201980 e \u201990 era un quartiere marginale e pericoloso. Il cam-bio attuale \u00e8 radicale, vedendo in esso un quartiere inn, costoso, raffinato, di lusso e riconosciuto in tutto il mondo, tanto da essere paragonato al Soho di Londra.<\/p>\n<p>Sapete che a Chueca si trova un edificio che tutti attribuiscono a Gaud\u00ec?<\/p>\n<p>Si tratta dell\u2019imponente Palacio de Longoria, oggi sede della SGAE (So-cient\u00e0 Generale degli Autori ed Editori), un edificio in stile liberty, maesto-so e meraviglioso.<\/p>\n<p>L\u2019architetto, discepolo di Gaud\u00ec, \u00e8 Jos\u00e9 Grases Riera, che progetta la casa per il banchiere Longoria, sita nella calle Felipe VI con Pelayo. Un luogo imperdibile se siete appassionati di questo tipo di stile architettonico.<\/p>\n<p>Nel quartiere scopriremo insieme luoghi e monumenti, tra i pi\u00f9 emblemati-ci: la Chiesa di San Antonio, la Chiesa di Santa Barbara, il gi\u00e0 citato Pala-cio de Longoria, la Casa de los Lagartos, il Museo di Storia di Madrid, il Museo del Romanticismo, il Mercado de San Ant\u00f3n, la Casa de la Siete Chimeneas e tanto tanto di pi\u00f9.<\/p>\n<\/div><\/section><br \/>\n\n<style type=\"text\/css\" data-created_by=\"avia_inline_auto\" id=\"style-css-av-1dtv1t-f55de0d79e19240a601ceb10f7aa284a\">\n#top .hr.hr-invisible.av-1dtv1t-f55de0d79e19240a601ceb10f7aa284a{\nheight:50px;\n}\n<\/style>\n<div  class='hr av-1dtv1t-f55de0d79e19240a601ceb10f7aa284a hr-invisible  avia-builder-el-10  el_after_av_textblock  avia-builder-el-last '><span class='hr-inner '><span class=\"hr-inner-style\"><\/span><\/span><\/div><\/p><\/div>\n<style type=\"text\/css\" data-created_by=\"avia_inline_auto\" id=\"style-css-av-1a0y1d-d98cfd7c244edcd8176e21a30f084bfb\">\n.flex_column.av-1a0y1d-d98cfd7c244edcd8176e21a30f084bfb{\npadding:30px 30px 0px 30px;\n}\n<\/style>\n<div class='flex_column av-1a0y1d-d98cfd7c244edcd8176e21a30f084bfb av_one_third  avia-builder-el-11  el_after_av_two_third  avia-builder-el-last  sidebar-block flex_column_div av-animated-generic fade-in-up '     ><br \/>\n<form action=\"https:\/\/madridenrose.com\/it\/visita-madrid\/il-quartiere-chueca\/\" method=\"post\"  class=\"avia_ajax_form av-form-labels-hidden   avia-builder-el-13  el_after_av_codeblock  avia-builder-el-last   \" data-avia-form-id=\"1\" data-avia-redirect='' ><fieldset><p class='  first_form  form_element form_fullwidth' id='element_avia_1_1'><label for=\"avia_1_1\">Nome e cognome <abbr class=\"required\" title=\"richiesto\">*<\/abbr><\/label> <input name=\"avia_1_1\" class=\"text_input is_empty\" type=\"text\" id=\"avia_1_1\" value=\"\"  placeholder='Nome e cognome*'\/><\/p><p class='  first_form  form_element form_fullwidth' id='element_avia_2_1'><label for=\"avia_2_1\">Email <abbr class=\"required\" title=\"richiesto\">*<\/abbr><\/label> <input name=\"avia_2_1\" class=\"text_input is_email\" type=\"text\" id=\"avia_2_1\" value=\"\"  placeholder='Email*'\/><\/p><p class='  first_form  form_element form_fullwidth' id='element_avia_3_1'><label for=\"avia_3_1\">Telefono <abbr class=\"required\" title=\"richiesto\">*<\/abbr><\/label> <input name=\"avia_3_1\" class=\"text_input is_empty\" type=\"text\" id=\"avia_3_1\" value=\"\"  placeholder='Telefono*'\/><\/p><p class='  first_form  form_element form_fullwidth' id='element_avia_4_1'><label for=\"avia_4_1\">N\u00ba di Persone <abbr class=\"required\" title=\"richiesto\">*<\/abbr><\/label> <input name=\"avia_4_1\" class=\"text_input is_number\" type=\"text\" id=\"avia_4_1\" value=\"\"  placeholder='N\u00ba di Persone*'\/><\/p><p class='  first_form  form_element form_fullwidth' id='element_avia_5_1'><label for=\"avia_5_1\" class=\"textare_label hidden textare_label_avia_5_1\">Messaggio <abbr class=\"required\" title=\"richiesto\">*<\/abbr><\/label><textarea  placeholder='Messaggio*' name=\"avia_5_1\" class=\"text_area is_empty\" cols=\"40\" rows=\"7\" id=\"avia_5_1\" ><\/textarea><\/p><p class=\"hidden\"><input type=\"text\" name=\"avia_6_1\" class=\"hidden \" id=\"avia_6_1\" value=\"\" \/><\/p><p class='   form_element form_fullwidth' id='element_avia_7_1'><span class='value_verifier_label'>4 + 0 = ?<\/span><input name=\"avia_7_1_verifier\" type=\"hidden\" id=\"avia_7_1_verifier\" value=\"784324416\"\/><label for=\"avia_7_1\">Dimostra di essere umano risolvendo l'equazione <abbr class=\"required\" title=\"richiesto\">*<\/abbr><\/label><input name=\"avia_7_1\" class=\"text_input captcha\" type=\"text\" id=\"avia_7_1\" value=\"\"\/><\/p><p class=\"form_element \"><input type=\"hidden\" value=\"1\" name=\"avia_generated_form1\" \/><input type=\"submit\" value=\"RICHIEDI INFORMAZIONI\" class=\"button\"  data-sending-label=\"Invio\"\/><\/p><\/fieldset><\/form><div id=\"ajaxresponse_1\" class=\"ajaxresponse ajaxresponse_1 hidden\"><\/div><\/p><\/div><\/p>\n","protected":false},"excerpt":{"rendered":"","protected":false},"author":1,"featured_media":453,"parent":336,"menu_order":6,"comment_status":"closed","ping_status":"closed","template":"","meta":{"footnotes":""},"class_list":["post-555","page","type-page","status-publish","has-post-thumbnail","hentry"],"yoast_head":"<!-- This site is optimized with the Yoast SEO plugin v22.1 - https:\/\/yoast.com\/wordpress\/plugins\/seo\/ -->\n<title>Il Quartiere Chueca | Madrid En Rose<\/title>\n<meta name=\"robots\" content=\"index, follow, max-snippet:-1, max-image-preview:large, max-video-preview:-1\" \/>\n<link rel=\"canonical\" href=\"https:\/\/madridenrose.com\/it\/visita-madrid\/il-quartiere-chueca\/\" \/>\n<meta property=\"og:locale\" content=\"it_IT\" \/>\n<meta property=\"og:type\" content=\"article\" \/>\n<meta property=\"og:title\" content=\"Il Quartiere Chueca | Madrid En Rose\" \/>\n<meta property=\"og:url\" content=\"https:\/\/madridenrose.com\/it\/visita-madrid\/il-quartiere-chueca\/\" \/>\n<meta property=\"og:site_name\" content=\"Madrid En Rose\" \/>\n<meta property=\"article:modified_time\" content=\"2023-01-10T12:11:21+00:00\" \/>\n<meta property=\"og:image\" content=\"https:\/\/madridenrose.com\/wp-content\/uploads\/visita-barrio-chueca-tour.jpg\" \/>\n\t<meta property=\"og:image:width\" content=\"600\" \/>\n\t<meta property=\"og:image:height\" content=\"420\" \/>\n\t<meta property=\"og:image:type\" content=\"image\/jpeg\" \/>\n<meta name=\"twitter:card\" content=\"summary_large_image\" \/>\n<meta name=\"twitter:label1\" content=\"Tempo di lettura stimato\" \/>\n\t<meta name=\"twitter:data1\" content=\"9 minuti\" \/>\n<script type=\"application\/ld+json\" class=\"yoast-schema-graph\">{\"@context\":\"https:\/\/schema.org\",\"@graph\":[{\"@type\":\"WebPage\",\"@id\":\"https:\/\/madridenrose.com\/it\/visita-madrid\/il-quartiere-chueca\/\",\"url\":\"https:\/\/madridenrose.com\/it\/visita-madrid\/il-quartiere-chueca\/\",\"name\":\"Il Quartiere Chueca | Madrid En Rose\",\"isPartOf\":{\"@id\":\"https:\/\/madridenrose.com\/it\/#website\"},\"datePublished\":\"2022-11-16T09:49:53+00:00\",\"dateModified\":\"2023-01-10T12:11:21+00:00\",\"breadcrumb\":{\"@id\":\"https:\/\/madridenrose.com\/it\/visita-madrid\/il-quartiere-chueca\/#breadcrumb\"},\"inLanguage\":\"it-IT\",\"potentialAction\":[{\"@type\":\"ReadAction\",\"target\":[\"https:\/\/madridenrose.com\/it\/visita-madrid\/il-quartiere-chueca\/\"]}]},{\"@type\":\"BreadcrumbList\",\"@id\":\"https:\/\/madridenrose.com\/it\/visita-madrid\/il-quartiere-chueca\/#breadcrumb\",\"itemListElement\":[{\"@type\":\"ListItem\",\"position\":1,\"name\":\"Home\",\"item\":\"https:\/\/madridenrose.com\/it\/\"},{\"@type\":\"ListItem\",\"position\":2,\"name\":\"Visita Madrid\",\"item\":\"https:\/\/madridenrose.com\/it\/visita-madrid\/\"},{\"@type\":\"ListItem\",\"position\":3,\"name\":\"Il Quartiere Chueca\"}]},{\"@type\":\"WebSite\",\"@id\":\"https:\/\/madridenrose.com\/it\/#website\",\"url\":\"https:\/\/madridenrose.com\/it\/\",\"name\":\"Madrid En Rose\",\"description\":\"Development\",\"publisher\":{\"@id\":\"https:\/\/madridenrose.com\/it\/#\/schema\/person\/a102a2e3c66cbdc0e9d0e0bc3494253a\"},\"potentialAction\":[{\"@type\":\"SearchAction\",\"target\":{\"@type\":\"EntryPoint\",\"urlTemplate\":\"https:\/\/madridenrose.com\/it\/?s={search_term_string}\"},\"query-input\":\"required name=search_term_string\"}],\"inLanguage\":\"it-IT\"},{\"@type\":[\"Person\",\"Organization\"],\"@id\":\"https:\/\/madridenrose.com\/it\/#\/schema\/person\/a102a2e3c66cbdc0e9d0e0bc3494253a\",\"name\":\"Francesca De Rose\",\"image\":{\"@type\":\"ImageObject\",\"inLanguage\":\"it-IT\",\"@id\":\"https:\/\/madridenrose.com\/it\/#\/schema\/person\/image\/\",\"url\":\"http:\/\/madridenrose.com\/wp-content\/uploads\/madridenrose-logo-dummy-text.png\",\"contentUrl\":\"http:\/\/madridenrose.com\/wp-content\/uploads\/madridenrose-logo-dummy-text.png\",\"width\":665,\"height\":300,\"caption\":\"Francesca De Rose\"},\"logo\":{\"@id\":\"https:\/\/madridenrose.com\/it\/#\/schema\/person\/image\/\"},\"sameAs\":[\"https:\/\/www.instagram.com\/madridenrose.tours\/\"]}]}<\/script>\n<!-- \/ Yoast SEO plugin. -->","yoast_head_json":{"title":"Il Quartiere Chueca | Madrid En Rose","robots":{"index":"index","follow":"follow","max-snippet":"max-snippet:-1","max-image-preview":"max-image-preview:large","max-video-preview":"max-video-preview:-1"},"canonical":"https:\/\/madridenrose.com\/it\/visita-madrid\/il-quartiere-chueca\/","og_locale":"it_IT","og_type":"article","og_title":"Il Quartiere Chueca | Madrid En Rose","og_url":"https:\/\/madridenrose.com\/it\/visita-madrid\/il-quartiere-chueca\/","og_site_name":"Madrid En Rose","article_modified_time":"2023-01-10T12:11:21+00:00","og_image":[{"width":600,"height":420,"url":"https:\/\/madridenrose.com\/wp-content\/uploads\/visita-barrio-chueca-tour.jpg","type":"image\/jpeg"}],"twitter_card":"summary_large_image","twitter_misc":{"Tempo di lettura stimato":"9 minuti"},"schema":{"@context":"https:\/\/schema.org","@graph":[{"@type":"WebPage","@id":"https:\/\/madridenrose.com\/it\/visita-madrid\/il-quartiere-chueca\/","url":"https:\/\/madridenrose.com\/it\/visita-madrid\/il-quartiere-chueca\/","name":"Il Quartiere Chueca | Madrid En Rose","isPartOf":{"@id":"https:\/\/madridenrose.com\/it\/#website"},"datePublished":"2022-11-16T09:49:53+00:00","dateModified":"2023-01-10T12:11:21+00:00","breadcrumb":{"@id":"https:\/\/madridenrose.com\/it\/visita-madrid\/il-quartiere-chueca\/#breadcrumb"},"inLanguage":"it-IT","potentialAction":[{"@type":"ReadAction","target":["https:\/\/madridenrose.com\/it\/visita-madrid\/il-quartiere-chueca\/"]}]},{"@type":"BreadcrumbList","@id":"https:\/\/madridenrose.com\/it\/visita-madrid\/il-quartiere-chueca\/#breadcrumb","itemListElement":[{"@type":"ListItem","position":1,"name":"Home","item":"https:\/\/madridenrose.com\/it\/"},{"@type":"ListItem","position":2,"name":"Visita Madrid","item":"https:\/\/madridenrose.com\/it\/visita-madrid\/"},{"@type":"ListItem","position":3,"name":"Il Quartiere Chueca"}]},{"@type":"WebSite","@id":"https:\/\/madridenrose.com\/it\/#website","url":"https:\/\/madridenrose.com\/it\/","name":"Madrid En Rose","description":"Development","publisher":{"@id":"https:\/\/madridenrose.com\/it\/#\/schema\/person\/a102a2e3c66cbdc0e9d0e0bc3494253a"},"potentialAction":[{"@type":"SearchAction","target":{"@type":"EntryPoint","urlTemplate":"https:\/\/madridenrose.com\/it\/?s={search_term_string}"},"query-input":"required name=search_term_string"}],"inLanguage":"it-IT"},{"@type":["Person","Organization"],"@id":"https:\/\/madridenrose.com\/it\/#\/schema\/person\/a102a2e3c66cbdc0e9d0e0bc3494253a","name":"Francesca De Rose","image":{"@type":"ImageObject","inLanguage":"it-IT","@id":"https:\/\/madridenrose.com\/it\/#\/schema\/person\/image\/","url":"http:\/\/madridenrose.com\/wp-content\/uploads\/madridenrose-logo-dummy-text.png","contentUrl":"http:\/\/madridenrose.com\/wp-content\/uploads\/madridenrose-logo-dummy-text.png","width":665,"height":300,"caption":"Francesca De Rose"},"logo":{"@id":"https:\/\/madridenrose.com\/it\/#\/schema\/person\/image\/"},"sameAs":["https:\/\/www.instagram.com\/madridenrose.tours\/"]}]}},"_links":{"self":[{"href":"https:\/\/madridenrose.com\/it\/wp-json\/wp\/v2\/pages\/555","targetHints":{"allow":["GET"]}}],"collection":[{"href":"https:\/\/madridenrose.com\/it\/wp-json\/wp\/v2\/pages"}],"about":[{"href":"https:\/\/madridenrose.com\/it\/wp-json\/wp\/v2\/types\/page"}],"author":[{"embeddable":true,"href":"https:\/\/madridenrose.com\/it\/wp-json\/wp\/v2\/users\/1"}],"replies":[{"embeddable":true,"href":"https:\/\/madridenrose.com\/it\/wp-json\/wp\/v2\/comments?post=555"}],"version-history":[{"count":0,"href":"https:\/\/madridenrose.com\/it\/wp-json\/wp\/v2\/pages\/555\/revisions"}],"up":[{"embeddable":true,"href":"https:\/\/madridenrose.com\/it\/wp-json\/wp\/v2\/pages\/336"}],"wp:featuredmedia":[{"embeddable":true,"href":"https:\/\/madridenrose.com\/it\/wp-json\/wp\/v2\/media\/453"}],"wp:attachment":[{"href":"https:\/\/madridenrose.com\/it\/wp-json\/wp\/v2\/media?parent=555"}],"curies":[{"name":"wp","href":"https:\/\/api.w.org\/{rel}","templated":true}]}}