{"id":556,"date":"2022-11-16T10:53:05","date_gmt":"2022-11-16T09:53:05","guid":{"rendered":"http:\/\/madridenrose.com\/?page_id=556"},"modified":"2023-01-10T13:14:06","modified_gmt":"2023-01-10T12:14:06","slug":"il-quartiere-la-latina","status":"publish","type":"page","link":"https:\/\/madridenrose.com\/it\/visita-madrid\/il-quartiere-la-latina\/","title":{"rendered":"Il Quartiere La Latina"},"content":{"rendered":"<div id='av_section_1'  class='avia-section av-4lyuhl-cc61e718b0b2869fd75c156e87072a6d main_color avia-section-no-padding avia-no-border-styling  avia-builder-el-0  el_before_av_section  avia-builder-el-first  avia-bg-style-scroll container_wrap fullsize'  ><div class='container av-section-cont-open' ><main  role=\"main\" itemprop=\"mainContentOfPage\"  class='template-page content  av-content-full alpha units'><div class='post-entry post-entry-type-page post-entry-556'><div class='entry-content-wrapper clearfix'>\n<div class='flex_column av-4d168p-0806a2342e2fd4673467aa9bc5f43cd5 av_one_full  avia-builder-el-1  el_before_av_one_full  avia-builder-el-first  first flex_column_div av-animated-generic fade-in '     ><p>\n<style type=\"text\/css\" data-created_by=\"avia_inline_auto\" id=\"style-css-av-4aqzwp-0e20f978857dca00bb6bb6af60b0392e\">\n.avia-image-container.av-4aqzwp-0e20f978857dca00bb6bb6af60b0392e img.avia_image{\nbox-shadow:none;\n}\n.avia-image-container.av-4aqzwp-0e20f978857dca00bb6bb6af60b0392e .av-image-caption-overlay-center{\ncolor:#ffffff;\n}\n<\/style>\n<div  class='avia-image-container av-4aqzwp-0e20f978857dca00bb6bb6af60b0392e av-styling-no-styling avia-align-center  avia-builder-el-2  el_before_av_image  avia-builder-el-first  av-mini-hide'   itemprop=\"image\" itemscope=\"itemscope\" itemtype=\"https:\/\/schema.org\/ImageObject\" ><div class=\"avia-image-container-inner\"><div class=\"avia-image-overlay-wrap\"><img decoding=\"async\" class='wp-image-461 avia-img-lazy-loading-not-461 avia_image ' src=\"https:\/\/madridenrose.com\/wp-content\/uploads\/visita-la-latina.jpg\" alt='' title='visita-la-latina'  height=\"580\" width=\"1280\"  itemprop=\"thumbnailUrl\" srcset=\"https:\/\/madridenrose.com\/wp-content\/uploads\/visita-la-latina.jpg 1280w, https:\/\/madridenrose.com\/wp-content\/uploads\/visita-la-latina-300x136.jpg 300w, https:\/\/madridenrose.com\/wp-content\/uploads\/visita-la-latina-1030x467.jpg 1030w, https:\/\/madridenrose.com\/wp-content\/uploads\/visita-la-latina-768x348.jpg 768w, https:\/\/madridenrose.com\/wp-content\/uploads\/visita-la-latina-705x319.jpg 705w\" sizes=\"(max-width: 1280px) 100vw, 1280px\" \/><\/div><\/div><\/div><br \/>\n\n<style type=\"text\/css\" data-created_by=\"avia_inline_auto\" id=\"style-css-av-43s51l-7444623f3699562d217d4979fd3641e1\">\n.avia-image-container.av-43s51l-7444623f3699562d217d4979fd3641e1 img.avia_image{\nbox-shadow:none;\n}\n.avia-image-container.av-43s51l-7444623f3699562d217d4979fd3641e1 .av-image-caption-overlay-center{\ncolor:#ffffff;\n}\n<\/style>\n<div  class='avia-image-container av-43s51l-7444623f3699562d217d4979fd3641e1 av-styling-no-styling avia-align-center  avia-builder-el-3  el_after_av_image  avia-builder-el-last  av-desktop-hide av-medium-hide av-small-hide'   itemprop=\"image\" itemscope=\"itemscope\" itemtype=\"https:\/\/schema.org\/ImageObject\" ><div class=\"avia-image-container-inner\"><div class=\"avia-image-overlay-wrap\"><img decoding=\"async\" class='wp-image-463 avia-img-lazy-loading-not-463 avia_image ' src=\"https:\/\/madridenrose.com\/wp-content\/uploads\/visita-la-latina-tour.jpg\" alt='' title='visita-la-latina-tour'  height=\"420\" width=\"600\"  itemprop=\"thumbnailUrl\" srcset=\"https:\/\/madridenrose.com\/wp-content\/uploads\/visita-la-latina-tour.jpg 600w, https:\/\/madridenrose.com\/wp-content\/uploads\/visita-la-latina-tour-300x210.jpg 300w\" sizes=\"(max-width: 600px) 100vw, 600px\" \/><\/div><\/div><\/div><\/p><\/div>\n<style type=\"text\/css\" data-created_by=\"avia_inline_auto\" id=\"style-css-av-3w5nvd-6831e9514385e3f440471e7b0b3864c0\">\n#top .flex_column.av-3w5nvd-6831e9514385e3f440471e7b0b3864c0{\nmargin-top:0px;\nmargin-bottom:0px;\n}\n.responsive #top #wrap_all .flex_column.av-3w5nvd-6831e9514385e3f440471e7b0b3864c0{\nmargin-top:0px;\nmargin-bottom:0px;\n}\n<\/style>\n<div class='flex_column av-3w5nvd-6831e9514385e3f440471e7b0b3864c0 av_one_full  avia-builder-el-4  el_after_av_one_full  avia-builder-el-last  first flex_column_div av-animated-generic fade-in column-top-margin'     ><\/div><\/div><\/div><\/main><!-- close content main element --><\/div><\/div><div id='av_section_2'  class='avia-section av-3qjkep-9f0ac9a8917fb0b9240eba721d4d7bab main_color avia-section-default avia-no-border-styling  avia-builder-el-6  el_after_av_section  avia-builder-el-last  tour-description avia-bg-style-scroll container_wrap fullsize'  ><div class='container av-section-cont-open' ><div class='template-page content  av-content-full alpha units'><div class='post-entry post-entry-type-page post-entry-556'><div class='entry-content-wrapper clearfix'>\n<div class='flex_column av-3hsuxl-54522537e415b7713242ff7f2b6b172e av_two_third  avia-builder-el-7  el_before_av_one_third  avia-builder-el-first  first flex_column_div av-animated-generic fade-in-up '     ><br \/>\n<section  class='av_textblock_section av-lajgrb6e-eb43fd18188f03e26c32d7fb8c1de128'  itemscope=\"itemscope\" itemtype=\"https:\/\/schema.org\/CreativeWork\" ><div class='avia_textblock'  itemprop=\"text\" ><p>Il quartiere La Latina \u00e8 uno dei quartieri pi\u00f9 antichi della citt\u00e0. Una fitta rete di stradine, vicoletti e pizze caratteristiche dell\u2019epoca medievale, stupenda-mente modernizzate dalla nuova tendenza madrilena degli ultimi anni. La Latina \u00e8 un quartiere dove convivono storia e arte, passato e presente.<\/p>\n<p>Nel quartiere possiamo apprezzare una gran variet\u00e0 di chiese, musei, mercati tradizionali, pazzi e giardini secreti tutti da scoprire.<\/p>\n<p>La domenica inoltre \u00e8 il girno dedicato al mercatino delle pulci, Rastro, em-blema storico della citt\u00e0, dove possiamo godere di acquisti bizzarri e grandi occasioni, tra antiquariato, grandi firme e opere d\u2019arte. Tutto accompagnato da musica, artisti di strada e il classico aperitivo domenicale di tapas e ver-mut.<\/p>\n<p>Il quartiere prende il nome da Beatriz Galindo, originaria della citt\u00e0 di Sa-lamanca, nella regione di Castilla y Leon, sede di una delle universit\u00e0 pi\u00f9 antiche del mondo (insieme alla Sorbonne di Parigi e la Alma Mater Stu-diorum di Bologna). Beatrice era maestra di latino, istitutrice dei figli dei Re Cattolici, Isabella di Castiglia e Ferdinando d\u2019Aragona. Beatrice si sposer\u00e0 con il capitano Francisco Ram\u00edrez, con il quale fonder\u00e0 l\u2019Ospedale de la Concepcion (attualmente scomparso), denominato successivamente Ospe-dale La Latina, sito nella calle Toledo, proprio nel quartiere che oggi pren-de il suo nome. Il quartiere prende il soprannome di Beatrice, soprannomi-nata la Latina poich\u00e9 maestra di latino, ma il vero nome del quartiere \u00e8 quartiere Palacio.<\/p>\n<p>Il quartiere La Latina \u00e8 un intricata rete di strade costruite sugli antichi corsi d\u2019acqua di origine araba e posteriormente medievale,vantando la residenza di non pochi personaggi illustri, tra nobili di Castiglia cos\u00ec come gli stessi reali. Ma sicuramente il personaggio pi\u00f9 amato \u00e8 Isidro Merlo, attualmente santo patrono della citt\u00e0.<\/p>\n<p>Sapete che la sua casa si trova nel quartiere La Latina?<\/p>\n<p>La casa Museo San Isidro, sede del Museo delle origini di Madrid \u00e8 una chicca da un perdere. Nel museo si parte dalle origini primordiali del territo-rio oggi denominato Madrid, percorrendo la storia plurimillenaria dell\u2019uomo, dalle sue origini nel pianeta fino alla fondazione della citt\u00e0 di Mayrit, passando dalla storia romana, visigota e araba, tesoro della citt\u00e0. Un exursus scientifico e storico delle popolazioni che hanno trasformato non solo la geografia del luogo ma soprattutto gli usi e i costumi fino a trasfor-marla nella citt\u00e0 fortezza di origine araba che oggi conosciamo come Ma-drid. Fossili di mammut, elefanti, utensili, mosaici romani, oggetti dell\u2019era visigota, modellini dei vari cambi urbanistici della citt\u00e0 sono solo alcune delle cose che si possono apprezzare nel museo.<\/p>\n<p>Special guest del museo \u00e8 San Isidro, che visse nell\u2019immobile che oggi \u00e8 sede del museo. Isidro Merlo lavorava per i signori Vargas, come contadino e rabdomante. Mor\u00ec a Madrid nel XII secolo, lasciando un grande affetto al-la citt\u00e0 oltre al suo corpo perfettamente incorrotto e conservato nella chiesa che da lui prende nome, la Colegiata de San Isidro.<br \/>\nNella nostra visita scopriremo luoghi come la Plaza de la Cebada, la Plaza de San Andr\u00e9s, la Cava Baja e Cava Alta, famosissime strade del quartiere, i resti della muraglia medievale, la chiesa di San Francesco, la chiesa di San Pedro, il viadotto Segovia e molto, molto altro.<\/p>\n<\/div><\/section><br \/>\n\n<style type=\"text\/css\" data-created_by=\"avia_inline_auto\" id=\"style-css-av-3gkmc9-a434e5eb8ca8048e379944a1deda6b3c\">\n#top .hr.hr-invisible.av-3gkmc9-a434e5eb8ca8048e379944a1deda6b3c{\nheight:50px;\n}\n<\/style>\n<div  class='hr av-3gkmc9-a434e5eb8ca8048e379944a1deda6b3c hr-invisible  avia-builder-el-10  el_after_av_textblock  avia-builder-el-last '><span class='hr-inner '><span class=\"hr-inner-style\"><\/span><\/span><\/div><\/p><\/div>\n<style type=\"text\/css\" data-created_by=\"avia_inline_auto\" id=\"style-css-av-3748hd-8258f5ec07fd97e2a4a3196b069dd689\">\n.flex_column.av-3748hd-8258f5ec07fd97e2a4a3196b069dd689{\npadding:30px 30px 0px 30px;\n}\n<\/style>\n<div class='flex_column av-3748hd-8258f5ec07fd97e2a4a3196b069dd689 av_one_third  avia-builder-el-11  el_after_av_two_third  avia-builder-el-last  sidebar-block flex_column_div av-animated-generic fade-in-up '     ><br \/>\n<form action=\"https:\/\/madridenrose.com\/it\/visita-madrid\/il-quartiere-la-latina\/\" method=\"post\"  class=\"avia_ajax_form av-form-labels-hidden   avia-builder-el-13  el_after_av_codeblock  avia-builder-el-last   \" data-avia-form-id=\"1\" data-avia-redirect='' ><fieldset><p class='  first_form  form_element form_fullwidth' id='element_avia_1_1'><label for=\"avia_1_1\">Nome e cognome <abbr class=\"required\" title=\"richiesto\">*<\/abbr><\/label> <input name=\"avia_1_1\" class=\"text_input is_empty\" type=\"text\" id=\"avia_1_1\" value=\"\"  placeholder='Nome e cognome*'\/><\/p><p class='  first_form  form_element form_fullwidth' id='element_avia_2_1'><label for=\"avia_2_1\">Email <abbr class=\"required\" title=\"richiesto\">*<\/abbr><\/label> <input name=\"avia_2_1\" class=\"text_input is_email\" type=\"text\" id=\"avia_2_1\" value=\"\"  placeholder='Email*'\/><\/p><p class='  first_form  form_element form_fullwidth' id='element_avia_3_1'><label for=\"avia_3_1\">Telefono <abbr class=\"required\" title=\"richiesto\">*<\/abbr><\/label> <input name=\"avia_3_1\" class=\"text_input is_empty\" type=\"text\" id=\"avia_3_1\" value=\"\"  placeholder='Telefono*'\/><\/p><p class='  first_form  form_element form_fullwidth' id='element_avia_4_1'><label for=\"avia_4_1\">N\u00ba di Persone <abbr class=\"required\" title=\"richiesto\">*<\/abbr><\/label> <input name=\"avia_4_1\" class=\"text_input is_number\" type=\"text\" id=\"avia_4_1\" value=\"\"  placeholder='N\u00ba di Persone*'\/><\/p><p class='  first_form  form_element form_fullwidth' id='element_avia_5_1'><label for=\"avia_5_1\" class=\"textare_label hidden textare_label_avia_5_1\">Messaggio <abbr class=\"required\" title=\"richiesto\">*<\/abbr><\/label><textarea  placeholder='Messaggio*' name=\"avia_5_1\" class=\"text_area is_empty\" cols=\"40\" rows=\"7\" id=\"avia_5_1\" ><\/textarea><\/p><p class=\"hidden\"><input type=\"text\" name=\"avia_6_1\" class=\"hidden \" id=\"avia_6_1\" value=\"\" \/><\/p><p class='   form_element form_fullwidth' id='element_avia_7_1'><span class='value_verifier_label'>1 + 0 = ?<\/span><input name=\"avia_7_1_verifier\" type=\"hidden\" id=\"avia_7_1_verifier\" value=\"256545117\"\/><label for=\"avia_7_1\">Dimostra di essere umano risolvendo l'equazione <abbr class=\"required\" title=\"richiesto\">*<\/abbr><\/label><input name=\"avia_7_1\" class=\"text_input captcha\" type=\"text\" id=\"avia_7_1\" value=\"\"\/><\/p><p class=\"form_element \"><input type=\"hidden\" value=\"1\" name=\"avia_generated_form1\" \/><input type=\"submit\" value=\"RICHIEDI INFORMAZIONI\" class=\"button\"  data-sending-label=\"Invio\"\/><\/p><\/fieldset><\/form><div id=\"ajaxresponse_1\" class=\"ajaxresponse ajaxresponse_1 hidden\"><\/div><\/p><\/div><\/p>\n","protected":false},"excerpt":{"rendered":"","protected":false},"author":1,"featured_media":463,"parent":336,"menu_order":7,"comment_status":"closed","ping_status":"closed","template":"","meta":{"footnotes":""},"class_list":["post-556","page","type-page","status-publish","has-post-thumbnail","hentry"],"yoast_head":"<!-- This site is optimized with the Yoast SEO plugin v22.1 - https:\/\/yoast.com\/wordpress\/plugins\/seo\/ -->\n<title>Il Quartiere La Latina | Madrid En Rose<\/title>\n<meta name=\"robots\" content=\"index, follow, max-snippet:-1, max-image-preview:large, max-video-preview:-1\" \/>\n<link rel=\"canonical\" href=\"https:\/\/madridenrose.com\/it\/visita-madrid\/il-quartiere-la-latina\/\" \/>\n<meta property=\"og:locale\" content=\"it_IT\" \/>\n<meta property=\"og:type\" content=\"article\" \/>\n<meta property=\"og:title\" content=\"Il Quartiere La Latina | Madrid En Rose\" \/>\n<meta property=\"og:url\" content=\"https:\/\/madridenrose.com\/it\/visita-madrid\/il-quartiere-la-latina\/\" \/>\n<meta property=\"og:site_name\" content=\"Madrid En Rose\" \/>\n<meta property=\"article:modified_time\" content=\"2023-01-10T12:14:06+00:00\" \/>\n<meta property=\"og:image\" content=\"https:\/\/madridenrose.com\/wp-content\/uploads\/visita-la-latina-tour.jpg\" \/>\n\t<meta property=\"og:image:width\" content=\"600\" \/>\n\t<meta property=\"og:image:height\" content=\"420\" \/>\n\t<meta property=\"og:image:type\" content=\"image\/jpeg\" \/>\n<meta name=\"twitter:card\" content=\"summary_large_image\" \/>\n<meta name=\"twitter:label1\" content=\"Tempo di lettura stimato\" \/>\n\t<meta name=\"twitter:data1\" content=\"7 minuti\" \/>\n<script type=\"application\/ld+json\" class=\"yoast-schema-graph\">{\"@context\":\"https:\/\/schema.org\",\"@graph\":[{\"@type\":\"WebPage\",\"@id\":\"https:\/\/madridenrose.com\/it\/visita-madrid\/il-quartiere-la-latina\/\",\"url\":\"https:\/\/madridenrose.com\/it\/visita-madrid\/il-quartiere-la-latina\/\",\"name\":\"Il Quartiere La Latina | Madrid En Rose\",\"isPartOf\":{\"@id\":\"https:\/\/madridenrose.com\/it\/#website\"},\"datePublished\":\"2022-11-16T09:53:05+00:00\",\"dateModified\":\"2023-01-10T12:14:06+00:00\",\"breadcrumb\":{\"@id\":\"https:\/\/madridenrose.com\/it\/visita-madrid\/il-quartiere-la-latina\/#breadcrumb\"},\"inLanguage\":\"it-IT\",\"potentialAction\":[{\"@type\":\"ReadAction\",\"target\":[\"https:\/\/madridenrose.com\/it\/visita-madrid\/il-quartiere-la-latina\/\"]}]},{\"@type\":\"BreadcrumbList\",\"@id\":\"https:\/\/madridenrose.com\/it\/visita-madrid\/il-quartiere-la-latina\/#breadcrumb\",\"itemListElement\":[{\"@type\":\"ListItem\",\"position\":1,\"name\":\"Home\",\"item\":\"https:\/\/madridenrose.com\/it\/\"},{\"@type\":\"ListItem\",\"position\":2,\"name\":\"Visita Madrid\",\"item\":\"https:\/\/madridenrose.com\/it\/visita-madrid\/\"},{\"@type\":\"ListItem\",\"position\":3,\"name\":\"Il Quartiere La Latina\"}]},{\"@type\":\"WebSite\",\"@id\":\"https:\/\/madridenrose.com\/it\/#website\",\"url\":\"https:\/\/madridenrose.com\/it\/\",\"name\":\"Madrid En Rose\",\"description\":\"Development\",\"publisher\":{\"@id\":\"https:\/\/madridenrose.com\/it\/#\/schema\/person\/a102a2e3c66cbdc0e9d0e0bc3494253a\"},\"potentialAction\":[{\"@type\":\"SearchAction\",\"target\":{\"@type\":\"EntryPoint\",\"urlTemplate\":\"https:\/\/madridenrose.com\/it\/?s={search_term_string}\"},\"query-input\":\"required name=search_term_string\"}],\"inLanguage\":\"it-IT\"},{\"@type\":[\"Person\",\"Organization\"],\"@id\":\"https:\/\/madridenrose.com\/it\/#\/schema\/person\/a102a2e3c66cbdc0e9d0e0bc3494253a\",\"name\":\"Francesca De Rose\",\"image\":{\"@type\":\"ImageObject\",\"inLanguage\":\"it-IT\",\"@id\":\"https:\/\/madridenrose.com\/it\/#\/schema\/person\/image\/\",\"url\":\"http:\/\/madridenrose.com\/wp-content\/uploads\/madridenrose-logo-dummy-text.png\",\"contentUrl\":\"http:\/\/madridenrose.com\/wp-content\/uploads\/madridenrose-logo-dummy-text.png\",\"width\":665,\"height\":300,\"caption\":\"Francesca De Rose\"},\"logo\":{\"@id\":\"https:\/\/madridenrose.com\/it\/#\/schema\/person\/image\/\"},\"sameAs\":[\"https:\/\/www.instagram.com\/madridenrose.tours\/\"]}]}<\/script>\n<!-- \/ Yoast SEO plugin. -->","yoast_head_json":{"title":"Il Quartiere La Latina | Madrid En Rose","robots":{"index":"index","follow":"follow","max-snippet":"max-snippet:-1","max-image-preview":"max-image-preview:large","max-video-preview":"max-video-preview:-1"},"canonical":"https:\/\/madridenrose.com\/it\/visita-madrid\/il-quartiere-la-latina\/","og_locale":"it_IT","og_type":"article","og_title":"Il Quartiere La Latina | Madrid En Rose","og_url":"https:\/\/madridenrose.com\/it\/visita-madrid\/il-quartiere-la-latina\/","og_site_name":"Madrid En Rose","article_modified_time":"2023-01-10T12:14:06+00:00","og_image":[{"width":600,"height":420,"url":"https:\/\/madridenrose.com\/wp-content\/uploads\/visita-la-latina-tour.jpg","type":"image\/jpeg"}],"twitter_card":"summary_large_image","twitter_misc":{"Tempo di lettura stimato":"7 minuti"},"schema":{"@context":"https:\/\/schema.org","@graph":[{"@type":"WebPage","@id":"https:\/\/madridenrose.com\/it\/visita-madrid\/il-quartiere-la-latina\/","url":"https:\/\/madridenrose.com\/it\/visita-madrid\/il-quartiere-la-latina\/","name":"Il Quartiere La Latina | Madrid En Rose","isPartOf":{"@id":"https:\/\/madridenrose.com\/it\/#website"},"datePublished":"2022-11-16T09:53:05+00:00","dateModified":"2023-01-10T12:14:06+00:00","breadcrumb":{"@id":"https:\/\/madridenrose.com\/it\/visita-madrid\/il-quartiere-la-latina\/#breadcrumb"},"inLanguage":"it-IT","potentialAction":[{"@type":"ReadAction","target":["https:\/\/madridenrose.com\/it\/visita-madrid\/il-quartiere-la-latina\/"]}]},{"@type":"BreadcrumbList","@id":"https:\/\/madridenrose.com\/it\/visita-madrid\/il-quartiere-la-latina\/#breadcrumb","itemListElement":[{"@type":"ListItem","position":1,"name":"Home","item":"https:\/\/madridenrose.com\/it\/"},{"@type":"ListItem","position":2,"name":"Visita Madrid","item":"https:\/\/madridenrose.com\/it\/visita-madrid\/"},{"@type":"ListItem","position":3,"name":"Il Quartiere La Latina"}]},{"@type":"WebSite","@id":"https:\/\/madridenrose.com\/it\/#website","url":"https:\/\/madridenrose.com\/it\/","name":"Madrid En Rose","description":"Development","publisher":{"@id":"https:\/\/madridenrose.com\/it\/#\/schema\/person\/a102a2e3c66cbdc0e9d0e0bc3494253a"},"potentialAction":[{"@type":"SearchAction","target":{"@type":"EntryPoint","urlTemplate":"https:\/\/madridenrose.com\/it\/?s={search_term_string}"},"query-input":"required name=search_term_string"}],"inLanguage":"it-IT"},{"@type":["Person","Organization"],"@id":"https:\/\/madridenrose.com\/it\/#\/schema\/person\/a102a2e3c66cbdc0e9d0e0bc3494253a","name":"Francesca De Rose","image":{"@type":"ImageObject","inLanguage":"it-IT","@id":"https:\/\/madridenrose.com\/it\/#\/schema\/person\/image\/","url":"http:\/\/madridenrose.com\/wp-content\/uploads\/madridenrose-logo-dummy-text.png","contentUrl":"http:\/\/madridenrose.com\/wp-content\/uploads\/madridenrose-logo-dummy-text.png","width":665,"height":300,"caption":"Francesca De Rose"},"logo":{"@id":"https:\/\/madridenrose.com\/it\/#\/schema\/person\/image\/"},"sameAs":["https:\/\/www.instagram.com\/madridenrose.tours\/"]}]}},"_links":{"self":[{"href":"https:\/\/madridenrose.com\/it\/wp-json\/wp\/v2\/pages\/556","targetHints":{"allow":["GET"]}}],"collection":[{"href":"https:\/\/madridenrose.com\/it\/wp-json\/wp\/v2\/pages"}],"about":[{"href":"https:\/\/madridenrose.com\/it\/wp-json\/wp\/v2\/types\/page"}],"author":[{"embeddable":true,"href":"https:\/\/madridenrose.com\/it\/wp-json\/wp\/v2\/users\/1"}],"replies":[{"embeddable":true,"href":"https:\/\/madridenrose.com\/it\/wp-json\/wp\/v2\/comments?post=556"}],"version-history":[{"count":0,"href":"https:\/\/madridenrose.com\/it\/wp-json\/wp\/v2\/pages\/556\/revisions"}],"up":[{"embeddable":true,"href":"https:\/\/madridenrose.com\/it\/wp-json\/wp\/v2\/pages\/336"}],"wp:featuredmedia":[{"embeddable":true,"href":"https:\/\/madridenrose.com\/it\/wp-json\/wp\/v2\/media\/463"}],"wp:attachment":[{"href":"https:\/\/madridenrose.com\/it\/wp-json\/wp\/v2\/media?parent=556"}],"curies":[{"name":"wp","href":"https:\/\/api.w.org\/{rel}","templated":true}]}}