{"id":562,"date":"2022-11-16T10:44:33","date_gmt":"2022-11-16T09:44:33","guid":{"rendered":"http:\/\/madridenrose.com\/?page_id=562"},"modified":"2023-01-10T13:09:06","modified_gmt":"2023-01-10T12:09:06","slug":"il-quartiere-letterario","status":"publish","type":"page","link":"https:\/\/madridenrose.com\/it\/visita-madrid\/il-quartiere-letterario\/","title":{"rendered":"Il Quartiere Letterario"},"content":{"rendered":"<div id='av_section_1'  class='avia-section av-27a40x-054bde093fec352f82f24726c24c179d main_color avia-section-no-padding avia-no-border-styling  avia-builder-el-0  el_before_av_section  avia-builder-el-first  avia-bg-style-scroll container_wrap fullsize'  ><div class='container av-section-cont-open' ><main  role=\"main\" itemprop=\"mainContentOfPage\"  class='template-page content  av-content-full alpha units'><div class='post-entry post-entry-type-page post-entry-562'><div class='entry-content-wrapper clearfix'>\n<div class='flex_column av-24ikox-037e16d556ae3ef74128357d1c4e1481 av_one_full  avia-builder-el-1  el_before_av_one_full  avia-builder-el-first  first flex_column_div av-animated-generic fade-in '     ><p>\n<style type=\"text\/css\" data-created_by=\"avia_inline_auto\" id=\"style-css-av-lajgh0ro-3f2b76decbd8805830ea86179f1e1770\">\n.avia-image-container.av-lajgh0ro-3f2b76decbd8805830ea86179f1e1770 img.avia_image{\nbox-shadow:none;\n}\n.avia-image-container.av-lajgh0ro-3f2b76decbd8805830ea86179f1e1770 .av-image-caption-overlay-center{\ncolor:#ffffff;\n}\n<\/style>\n<div  class='avia-image-container av-lajgh0ro-3f2b76decbd8805830ea86179f1e1770 av-styling-no-styling avia-align-center  avia-builder-el-2  el_before_av_image  avia-builder-el-first  av-mini-hide'   itemprop=\"image\" itemscope=\"itemscope\" itemtype=\"https:\/\/schema.org\/ImageObject\" ><div class=\"avia-image-container-inner\"><div class=\"avia-image-overlay-wrap\"><img decoding=\"async\" class='wp-image-443 avia-img-lazy-loading-not-443 avia_image ' src=\"https:\/\/madridenrose.com\/wp-content\/uploads\/visita-barrio-letras.jpg\" alt='' title='visita-barrio-letras'  height=\"580\" width=\"1280\"  itemprop=\"thumbnailUrl\" srcset=\"https:\/\/madridenrose.com\/wp-content\/uploads\/visita-barrio-letras.jpg 1280w, https:\/\/madridenrose.com\/wp-content\/uploads\/visita-barrio-letras-300x136.jpg 300w, https:\/\/madridenrose.com\/wp-content\/uploads\/visita-barrio-letras-1030x467.jpg 1030w, https:\/\/madridenrose.com\/wp-content\/uploads\/visita-barrio-letras-768x348.jpg 768w, https:\/\/madridenrose.com\/wp-content\/uploads\/visita-barrio-letras-705x319.jpg 705w\" sizes=\"(max-width: 1280px) 100vw, 1280px\" \/><\/div><\/div><\/div><br \/>\n\n<style type=\"text\/css\" data-created_by=\"avia_inline_auto\" id=\"style-css-av-lajgh6c1-4d83223f5e55712e9372d0fab671cf76\">\n.avia-image-container.av-lajgh6c1-4d83223f5e55712e9372d0fab671cf76 img.avia_image{\nbox-shadow:none;\n}\n.avia-image-container.av-lajgh6c1-4d83223f5e55712e9372d0fab671cf76 .av-image-caption-overlay-center{\ncolor:#ffffff;\n}\n<\/style>\n<div  class='avia-image-container av-lajgh6c1-4d83223f5e55712e9372d0fab671cf76 av-styling-no-styling avia-align-center  avia-builder-el-3  el_after_av_image  avia-builder-el-last  av-desktop-hide av-medium-hide av-small-hide'   itemprop=\"image\" itemscope=\"itemscope\" itemtype=\"https:\/\/schema.org\/ImageObject\" ><div class=\"avia-image-container-inner\"><div class=\"avia-image-overlay-wrap\"><img decoding=\"async\" class='wp-image-445 avia-img-lazy-loading-not-445 avia_image ' src=\"https:\/\/madridenrose.com\/wp-content\/uploads\/visita-barrio-letras-tour.jpg\" alt='' title='visita-barrio-letras-tour'  height=\"420\" width=\"600\"  itemprop=\"thumbnailUrl\" srcset=\"https:\/\/madridenrose.com\/wp-content\/uploads\/visita-barrio-letras-tour.jpg 600w, https:\/\/madridenrose.com\/wp-content\/uploads\/visita-barrio-letras-tour-300x210.jpg 300w\" sizes=\"(max-width: 600px) 100vw, 600px\" \/><\/div><\/div><\/div><\/p><\/div>\n<style type=\"text\/css\" data-created_by=\"avia_inline_auto\" id=\"style-css-av-1xvvbt-bd6640e235986886c426c4992470fc24\">\n#top .flex_column.av-1xvvbt-bd6640e235986886c426c4992470fc24{\nmargin-top:0px;\nmargin-bottom:0px;\n}\n.responsive #top #wrap_all .flex_column.av-1xvvbt-bd6640e235986886c426c4992470fc24{\nmargin-top:0px;\nmargin-bottom:0px;\n}\n<\/style>\n<div class='flex_column av-1xvvbt-bd6640e235986886c426c4992470fc24 av_one_full  avia-builder-el-4  el_after_av_one_full  avia-builder-el-last  first flex_column_div av-animated-generic fade-in column-top-margin'     ><\/div><\/div><\/div><\/main><!-- close content main element --><\/div><\/div><div id='av_section_2'  class='avia-section av-1q6cl5-a86643538e9589fc4326320e6ce3f564 main_color avia-section-default avia-no-border-styling  avia-builder-el-6  el_after_av_section  avia-builder-el-last  tour-description avia-bg-style-scroll container_wrap fullsize'  ><div class='container av-section-cont-open' ><div class='template-page content  av-content-full alpha units'><div class='post-entry post-entry-type-page post-entry-562'><div class='entry-content-wrapper clearfix'>\n<div class='flex_column av-1l3cmh-2988ab021e930fa6d1969cb9722c85ee av_two_third  avia-builder-el-7  el_before_av_one_third  avia-builder-el-first  first flex_column_div av-animated-generic fade-in-up '     ><br \/>\n<section  class='av_textblock_section av-lajgewmj-d3c5770a68fb867ee474ba5288ff73e7'  itemscope=\"itemscope\" itemtype=\"https:\/\/schema.org\/CreativeWork\" ><div class='avia_textblock'  itemprop=\"text\" ><p>Il quartiere letterario di Madrid \u00e8 il quartiere degli scrittori, un omaggio alla letteratura spagnola e a coloro che hanno raggiunto l\u2019immortalit\u00e0.<\/p>\n<p>Residenza di scrittori come Lope de Vega, Quevedo e Cervantes nel secolo che prende il nome di Secolo d\u2019Oro, grazie alle opere da essi composte, il quartiere letterario \u00e8 un quartiere che ancora oggi mantiene l\u2019essenza della creativit\u00e0 artistica e della raffinatezza poetica.<\/p>\n<p>Come altri quartieri storici della citt\u00e0 \u00e8 pieno di stradine e monumenti che raccontano storie lontane e affascinanti, culla del teatro nel XVI secolo. Se ne apprezza ancora oggi la grande eredit\u00e0 con lo splendido Teatro espa\u00f1ol, edificio neo classico, opera dell\u2019architetto italiano Sacchetti, che rimodella l\u2019antico spazio teatrale, denominato corral, dedicato all\u2019allora principe Felipe, futuro Filippo II di Spagna. L\u2019antico Corral del principe fu distrutto da un incendio e sar\u00e0 sostituito dall\u2019attuale edificio nel XVIII secolo, con un chiaro tocco italiano, dovuto al gusto di Sacchetti. Ne decorano la facciata principale medaglioni in bassorilievo, omaggio agli scrittori che ne hanno intessuta la gloria, dal Secolo d\u2019Oro fino alla figura di Federico Garcia Lorca che inoltre occupa un posto d\u2019onore nella piazza antistante, la Plaza de Santa Ana, cuore del quartiere.<\/p>\n<p>Una delle strade pi\u00f9 rinomate del quartiere \u00e8 la calle Huertas, il viale della letteratura, con incisioni nel suolo che annoverano le citazioni letterarie pi\u00f9 illustri della letteratura spagnola. La strada inizia nel Paseo del Prado e cessa nella Plaza del Angel, deliziandoci tra scrittori e scrittrici che ci accompagnano in una passeggiata unica e autentica.<\/p>\n<p>Troviamo nel quartiere letterario edifici antichi come la Casa Museo di Lope de Vega, il Convento de las Trinitarias, luogo di sepoltura di Cervantes, l\u2019antica Imprenta di Madrid, la sede della stampa che ha visto nascere il Don Chisciotte.<\/p>\n<p>E non dimentichiamo i locali storici e moderni che offrono intrattenimento e una vasta tradizione gastronomica.<\/p>\n<p>Nel quartiere troviamo la calle Echegaray definita la pi\u00f9 cool al mondo da Time Out, per la variet\u00e0 di locali e di offerta culturale nella citt\u00e0.<\/p>\n<p>Como si fa a non innamorarsi di questo quartiere?<\/p>\n<\/div><\/section><br \/>\n\n<style type=\"text\/css\" data-created_by=\"avia_inline_auto\" id=\"style-css-av-4wlld-7ab81cb25c99258bc37f5b57541e764e\">\n#top .hr.hr-invisible.av-4wlld-7ab81cb25c99258bc37f5b57541e764e{\nheight:50px;\n}\n<\/style>\n<div  class='hr av-4wlld-7ab81cb25c99258bc37f5b57541e764e hr-invisible  avia-builder-el-10  el_after_av_textblock  avia-builder-el-last '><span class='hr-inner '><span class=\"hr-inner-style\"><\/span><\/span><\/div><\/p><\/div>\n<style type=\"text\/css\" data-created_by=\"avia_inline_auto\" id=\"style-css-av-16xgwx-bbe72e699cfa94a0cdeab6f8c0e95159\">\n.flex_column.av-16xgwx-bbe72e699cfa94a0cdeab6f8c0e95159{\npadding:30px 30px 0px 30px;\n}\n<\/style>\n<div class='flex_column av-16xgwx-bbe72e699cfa94a0cdeab6f8c0e95159 av_one_third  avia-builder-el-11  el_after_av_two_third  avia-builder-el-last  sidebar-block flex_column_div av-animated-generic fade-in-up '     ><br \/>\n<form action=\"https:\/\/madridenrose.com\/it\/visita-madrid\/il-quartiere-letterario\/\" method=\"post\"  class=\"avia_ajax_form av-form-labels-hidden   avia-builder-el-13  el_after_av_codeblock  avia-builder-el-last   \" data-avia-form-id=\"1\" data-avia-redirect='' ><fieldset><p class='  first_form  form_element form_fullwidth' id='element_avia_1_1'><label for=\"avia_1_1\">Nome e cognome <abbr class=\"required\" title=\"richiesto\">*<\/abbr><\/label> <input name=\"avia_1_1\" class=\"text_input is_empty\" type=\"text\" id=\"avia_1_1\" value=\"\"  placeholder='Nome e cognome*'\/><\/p><p class='  first_form  form_element form_fullwidth' id='element_avia_2_1'><label for=\"avia_2_1\">Email <abbr class=\"required\" title=\"richiesto\">*<\/abbr><\/label> <input name=\"avia_2_1\" class=\"text_input is_email\" type=\"text\" id=\"avia_2_1\" value=\"\"  placeholder='Email*'\/><\/p><p class='  first_form  form_element form_fullwidth' id='element_avia_3_1'><label for=\"avia_3_1\">Telefono <abbr class=\"required\" title=\"richiesto\">*<\/abbr><\/label> <input name=\"avia_3_1\" class=\"text_input is_empty\" type=\"text\" id=\"avia_3_1\" value=\"\"  placeholder='Telefono*'\/><\/p><p class='  first_form  form_element form_fullwidth' id='element_avia_4_1'><label for=\"avia_4_1\">N\u00ba di Persone <abbr class=\"required\" title=\"richiesto\">*<\/abbr><\/label> <input name=\"avia_4_1\" class=\"text_input is_number\" type=\"text\" id=\"avia_4_1\" value=\"\"  placeholder='N\u00ba di Persone*'\/><\/p><p class='  first_form  form_element form_fullwidth' id='element_avia_5_1'><label for=\"avia_5_1\" class=\"textare_label hidden textare_label_avia_5_1\">Messaggio <abbr class=\"required\" title=\"richiesto\">*<\/abbr><\/label><textarea  placeholder='Messaggio*' name=\"avia_5_1\" class=\"text_area is_empty\" cols=\"40\" rows=\"7\" id=\"avia_5_1\" ><\/textarea><\/p><p class=\"hidden\"><input type=\"text\" name=\"avia_6_1\" class=\"hidden \" id=\"avia_6_1\" value=\"\" \/><\/p><p class='   form_element form_fullwidth' id='element_avia_7_1'><span class='value_verifier_label'>0 + 1 = ?<\/span><input name=\"avia_7_1_verifier\" type=\"hidden\" id=\"avia_7_1_verifier\" value=\"156245317\"\/><label for=\"avia_7_1\">Dimostra di essere umano risolvendo l'equazione <abbr class=\"required\" title=\"richiesto\">*<\/abbr><\/label><input name=\"avia_7_1\" class=\"text_input captcha\" type=\"text\" id=\"avia_7_1\" value=\"\"\/><\/p><p class=\"form_element \"><input type=\"hidden\" value=\"1\" name=\"avia_generated_form1\" \/><input type=\"submit\" value=\"RICHIEDI INFORMAZIONI\" class=\"button\"  data-sending-label=\"Invio\"\/><\/p><\/fieldset><\/form><div id=\"ajaxresponse_1\" class=\"ajaxresponse ajaxresponse_1 hidden\"><\/div><\/p><\/div><\/p>\n","protected":false},"excerpt":{"rendered":"","protected":false},"author":1,"featured_media":445,"parent":336,"menu_order":5,"comment_status":"closed","ping_status":"closed","template":"","meta":{"footnotes":""},"class_list":["post-562","page","type-page","status-publish","has-post-thumbnail","hentry"],"yoast_head":"<!-- This site is optimized with the Yoast SEO plugin v22.1 - https:\/\/yoast.com\/wordpress\/plugins\/seo\/ -->\n<title>Il Quartiere Letterario | Madrid En Rose<\/title>\n<meta name=\"robots\" content=\"index, follow, max-snippet:-1, max-image-preview:large, max-video-preview:-1\" \/>\n<link rel=\"canonical\" href=\"https:\/\/madridenrose.com\/it\/visita-madrid\/il-quartiere-letterario\/\" \/>\n<meta property=\"og:locale\" content=\"it_IT\" \/>\n<meta property=\"og:type\" content=\"article\" \/>\n<meta property=\"og:title\" content=\"Il Quartiere Letterario | Madrid En Rose\" \/>\n<meta property=\"og:url\" content=\"https:\/\/madridenrose.com\/it\/visita-madrid\/il-quartiere-letterario\/\" \/>\n<meta property=\"og:site_name\" content=\"Madrid En Rose\" \/>\n<meta property=\"article:modified_time\" content=\"2023-01-10T12:09:06+00:00\" \/>\n<meta property=\"og:image\" content=\"https:\/\/madridenrose.com\/wp-content\/uploads\/visita-barrio-letras-tour.jpg\" \/>\n\t<meta property=\"og:image:width\" content=\"600\" \/>\n\t<meta property=\"og:image:height\" content=\"420\" \/>\n\t<meta property=\"og:image:type\" content=\"image\/jpeg\" \/>\n<meta name=\"twitter:card\" content=\"summary_large_image\" \/>\n<meta name=\"twitter:label1\" content=\"Tempo di lettura stimato\" \/>\n\t<meta name=\"twitter:data1\" content=\"10 minuti\" \/>\n<script type=\"application\/ld+json\" class=\"yoast-schema-graph\">{\"@context\":\"https:\/\/schema.org\",\"@graph\":[{\"@type\":\"WebPage\",\"@id\":\"https:\/\/madridenrose.com\/it\/visita-madrid\/il-quartiere-letterario\/\",\"url\":\"https:\/\/madridenrose.com\/it\/visita-madrid\/il-quartiere-letterario\/\",\"name\":\"Il Quartiere Letterario | Madrid En Rose\",\"isPartOf\":{\"@id\":\"https:\/\/madridenrose.com\/it\/#website\"},\"datePublished\":\"2022-11-16T09:44:33+00:00\",\"dateModified\":\"2023-01-10T12:09:06+00:00\",\"breadcrumb\":{\"@id\":\"https:\/\/madridenrose.com\/it\/visita-madrid\/il-quartiere-letterario\/#breadcrumb\"},\"inLanguage\":\"it-IT\",\"potentialAction\":[{\"@type\":\"ReadAction\",\"target\":[\"https:\/\/madridenrose.com\/it\/visita-madrid\/il-quartiere-letterario\/\"]}]},{\"@type\":\"BreadcrumbList\",\"@id\":\"https:\/\/madridenrose.com\/it\/visita-madrid\/il-quartiere-letterario\/#breadcrumb\",\"itemListElement\":[{\"@type\":\"ListItem\",\"position\":1,\"name\":\"Home\",\"item\":\"https:\/\/madridenrose.com\/it\/\"},{\"@type\":\"ListItem\",\"position\":2,\"name\":\"Visita Madrid\",\"item\":\"https:\/\/madridenrose.com\/it\/visita-madrid\/\"},{\"@type\":\"ListItem\",\"position\":3,\"name\":\"Il Quartiere Letterario\"}]},{\"@type\":\"WebSite\",\"@id\":\"https:\/\/madridenrose.com\/it\/#website\",\"url\":\"https:\/\/madridenrose.com\/it\/\",\"name\":\"Madrid En Rose\",\"description\":\"Development\",\"publisher\":{\"@id\":\"https:\/\/madridenrose.com\/it\/#\/schema\/person\/a102a2e3c66cbdc0e9d0e0bc3494253a\"},\"potentialAction\":[{\"@type\":\"SearchAction\",\"target\":{\"@type\":\"EntryPoint\",\"urlTemplate\":\"https:\/\/madridenrose.com\/it\/?s={search_term_string}\"},\"query-input\":\"required name=search_term_string\"}],\"inLanguage\":\"it-IT\"},{\"@type\":[\"Person\",\"Organization\"],\"@id\":\"https:\/\/madridenrose.com\/it\/#\/schema\/person\/a102a2e3c66cbdc0e9d0e0bc3494253a\",\"name\":\"Francesca De Rose\",\"image\":{\"@type\":\"ImageObject\",\"inLanguage\":\"it-IT\",\"@id\":\"https:\/\/madridenrose.com\/it\/#\/schema\/person\/image\/\",\"url\":\"http:\/\/madridenrose.com\/wp-content\/uploads\/madridenrose-logo-dummy-text.png\",\"contentUrl\":\"http:\/\/madridenrose.com\/wp-content\/uploads\/madridenrose-logo-dummy-text.png\",\"width\":665,\"height\":300,\"caption\":\"Francesca De Rose\"},\"logo\":{\"@id\":\"https:\/\/madridenrose.com\/it\/#\/schema\/person\/image\/\"},\"sameAs\":[\"https:\/\/www.instagram.com\/madridenrose.tours\/\"]}]}<\/script>\n<!-- \/ Yoast SEO plugin. -->","yoast_head_json":{"title":"Il Quartiere Letterario | Madrid En Rose","robots":{"index":"index","follow":"follow","max-snippet":"max-snippet:-1","max-image-preview":"max-image-preview:large","max-video-preview":"max-video-preview:-1"},"canonical":"https:\/\/madridenrose.com\/it\/visita-madrid\/il-quartiere-letterario\/","og_locale":"it_IT","og_type":"article","og_title":"Il Quartiere Letterario | Madrid En Rose","og_url":"https:\/\/madridenrose.com\/it\/visita-madrid\/il-quartiere-letterario\/","og_site_name":"Madrid En Rose","article_modified_time":"2023-01-10T12:09:06+00:00","og_image":[{"width":600,"height":420,"url":"https:\/\/madridenrose.com\/wp-content\/uploads\/visita-barrio-letras-tour.jpg","type":"image\/jpeg"}],"twitter_card":"summary_large_image","twitter_misc":{"Tempo di lettura stimato":"10 minuti"},"schema":{"@context":"https:\/\/schema.org","@graph":[{"@type":"WebPage","@id":"https:\/\/madridenrose.com\/it\/visita-madrid\/il-quartiere-letterario\/","url":"https:\/\/madridenrose.com\/it\/visita-madrid\/il-quartiere-letterario\/","name":"Il Quartiere Letterario | Madrid En Rose","isPartOf":{"@id":"https:\/\/madridenrose.com\/it\/#website"},"datePublished":"2022-11-16T09:44:33+00:00","dateModified":"2023-01-10T12:09:06+00:00","breadcrumb":{"@id":"https:\/\/madridenrose.com\/it\/visita-madrid\/il-quartiere-letterario\/#breadcrumb"},"inLanguage":"it-IT","potentialAction":[{"@type":"ReadAction","target":["https:\/\/madridenrose.com\/it\/visita-madrid\/il-quartiere-letterario\/"]}]},{"@type":"BreadcrumbList","@id":"https:\/\/madridenrose.com\/it\/visita-madrid\/il-quartiere-letterario\/#breadcrumb","itemListElement":[{"@type":"ListItem","position":1,"name":"Home","item":"https:\/\/madridenrose.com\/it\/"},{"@type":"ListItem","position":2,"name":"Visita Madrid","item":"https:\/\/madridenrose.com\/it\/visita-madrid\/"},{"@type":"ListItem","position":3,"name":"Il Quartiere Letterario"}]},{"@type":"WebSite","@id":"https:\/\/madridenrose.com\/it\/#website","url":"https:\/\/madridenrose.com\/it\/","name":"Madrid En Rose","description":"Development","publisher":{"@id":"https:\/\/madridenrose.com\/it\/#\/schema\/person\/a102a2e3c66cbdc0e9d0e0bc3494253a"},"potentialAction":[{"@type":"SearchAction","target":{"@type":"EntryPoint","urlTemplate":"https:\/\/madridenrose.com\/it\/?s={search_term_string}"},"query-input":"required name=search_term_string"}],"inLanguage":"it-IT"},{"@type":["Person","Organization"],"@id":"https:\/\/madridenrose.com\/it\/#\/schema\/person\/a102a2e3c66cbdc0e9d0e0bc3494253a","name":"Francesca De Rose","image":{"@type":"ImageObject","inLanguage":"it-IT","@id":"https:\/\/madridenrose.com\/it\/#\/schema\/person\/image\/","url":"http:\/\/madridenrose.com\/wp-content\/uploads\/madridenrose-logo-dummy-text.png","contentUrl":"http:\/\/madridenrose.com\/wp-content\/uploads\/madridenrose-logo-dummy-text.png","width":665,"height":300,"caption":"Francesca De Rose"},"logo":{"@id":"https:\/\/madridenrose.com\/it\/#\/schema\/person\/image\/"},"sameAs":["https:\/\/www.instagram.com\/madridenrose.tours\/"]}]}},"_links":{"self":[{"href":"https:\/\/madridenrose.com\/it\/wp-json\/wp\/v2\/pages\/562","targetHints":{"allow":["GET"]}}],"collection":[{"href":"https:\/\/madridenrose.com\/it\/wp-json\/wp\/v2\/pages"}],"about":[{"href":"https:\/\/madridenrose.com\/it\/wp-json\/wp\/v2\/types\/page"}],"author":[{"embeddable":true,"href":"https:\/\/madridenrose.com\/it\/wp-json\/wp\/v2\/users\/1"}],"replies":[{"embeddable":true,"href":"https:\/\/madridenrose.com\/it\/wp-json\/wp\/v2\/comments?post=562"}],"version-history":[{"count":0,"href":"https:\/\/madridenrose.com\/it\/wp-json\/wp\/v2\/pages\/562\/revisions"}],"up":[{"embeddable":true,"href":"https:\/\/madridenrose.com\/it\/wp-json\/wp\/v2\/pages\/336"}],"wp:featuredmedia":[{"embeddable":true,"href":"https:\/\/madridenrose.com\/it\/wp-json\/wp\/v2\/media\/445"}],"wp:attachment":[{"href":"https:\/\/madridenrose.com\/it\/wp-json\/wp\/v2\/media?parent=562"}],"curies":[{"name":"wp","href":"https:\/\/api.w.org\/{rel}","templated":true}]}}